{"id":3802,"date":"2024-04-12T13:38:04","date_gmt":"2024-04-12T11:38:04","guid":{"rendered":"https:\/\/enconscience.com\/?page_id=3802"},"modified":"2024-07-24T18:44:50","modified_gmt":"2024-07-24T16:44:50","slug":"experience-somatique","status":"publish","type":"page","link":"https:\/\/enconscience.com\/index.php\/seances-collectives\/experience-somatique\/","title":{"rendered":"Exp\u00e9rience somatique"},"content":{"rendered":"\n<div class=\"blockart-section blockart-section-ee77fe79 japonContainer\"><div class=\"blockart-container\"><div class=\"blockart-section-inner\">\n<div class=\"blockart-column blockart-column-57e39ad5\"><div class=\"blockart-column-inner\">\n<div class=\"orange cyclesStatic somatique\">\n      <div class=\"circle\"><\/div> <!-- Cercle centr\u00e9 avec diam\u00e8tre de 75% -->\n      <div class=\"gros_titre\"><a href=\"index.php\/seances-collectives\/experience-somatique\/\">Exp\u00e9rience somatique<\/a><\/div> <!-- Texte pivot\u00e9 avec classe \"gros_titre\" -->\n    \n      <!-- Div contenant les trois liens -->\n      <div class=\"links-container\">\n        <!-- Premier lien -->\n        <a href=\"index.php\/seances-collectives\/experience-somatique\/somatic-de-base\/\" class=\"link\">\u2022 INITIATION<\/a>\n        <!-- Deuxi\u00e8me lien -->\n        <!-- <a href=\"index.php\/seances-collectives\/index.php\/seances-collectives\/cycles-de-pleine-conscience\/cycle-de-pleine-conscience-dapprofondissement\/\" class=\"link\">\u2022 APPROFONDISSEMENT<\/a> -->\n        <!-- Troisi\u00e8me lien -->\n        <!-- <a href=\"index.php\/seances-collectives\/index.php\/seances-collectives\/cycles-de-pleine-conscience\/cycles-de-pleine-conscience-specifique\/\" class=\"link\">\u2022 CYCLE SP\u00c9CIFIQUE<\/a> -->\n      <\/div>\n    <\/div>\n<\/div><\/div>\n\n\n\n<div class=\"blockart-column blockart-column-0df948de\"><div class=\"blockart-column-inner\">\n<div class=\"wp-block-group second japon1 is-content-justification-left is-layout-constrained wp-container-core-group-is-layout-2 wp-block-group-is-layout-constrained\">\n<p class=\"what\"><strong>Qu\u2019est-ce que\u2026<\/strong><\/p>\n\n\n\n<h1 class=\"wp-block-heading\"><strong><strong>L&#8217;exp\u00e9rience somatique<\/strong><\/strong><\/h1>\n\n\n\n<blockquote class=\"wp-block-quote is-layout-flow wp-block-quote-is-layout-flow\">\n<p><em>Le corps a ses propres r\u00e8gles. Il a une autonomie d<\/em>\u2019<em>agir et d\u2019\u00eatre qui va influencer notre psych\u00e9. <\/em>Peter A. Levine<\/p>\n<\/blockquote>\n\n\n\n<div class=\"wp-block-group is-layout-constrained wp-block-group-is-layout-constrained\">\n<p>La<strong> Somatic Experiencing\u00ae<\/strong>&nbsp;(l&#8217;exp\u00e9rience somatique),&nbsp;est une th\u00e9rapie qui aide \u00e0 se lib\u00e9rer des troubles li\u00e9s au stress, \u00e0 l\u2019anxi\u00e9t\u00e9 et aux traumatismes.&nbsp;Le Dr Peter Levine a d\u00e9velopp\u00e9 cette approche apr\u00e8s avoir observ\u00e9 la mani\u00e8re dont les animaux se lib\u00e8rent physiquement de l&#8217;\u00e9nergie qu&#8217;ils accumulent lors d&#8217;\u00e9v\u00e9nements stressants.&nbsp;Il a constat\u00e9 que l\u2019\u00eatre humain, en revanche, remplace souvent ces moyens naturels de&nbsp;<strong>r\u00e9gulation du syst\u00e8me nerveux<\/strong>&nbsp;par des pens\u00e9es, des jugements&nbsp;associ\u00e9s&nbsp;\u00e0 des sentiments (peur, honte, etc). L\u2019\u00e9nergie bloqu\u00e9e n\u2019arrive plus alors \u00e0 se d\u00e9charger d\u2019elle-m\u00eame. Ce traumatisme non r\u00e9solu peut entra\u00eener des probl\u00e8mes de sant\u00e9 mentale et physique plus importants, tels que&nbsp;sautes d\u2019humeur, pertes de&nbsp;sommeil,&nbsp;perturbations du syst\u00e8me digestif\u2026&nbsp;<br>Lors des s\u00e9ances, le&nbsp;th\u00e9rapeute invite la personne \u00e0 parler mais aussi \u00e0 se concentrer sur ses sensations physiques afin de lib\u00e9rer progressivement&nbsp;les blocages corporels et \u00e9motionnels.<br>L&#8217;exp\u00e9rience somatique vise \u00e0 restaurer la capacit\u00e9 du corps \u00e0 s&#8217;autor\u00e9guler afin d&#8217;atteindre l&#8217;\u00e9quilibre et l\u2019int\u00e9grit\u00e9.<\/p>\n\n\n\n<p><strong>Peter A. Levine<\/strong>, docteur en biophysique m\u00e9dicale et en psychologie, a \u00e9t\u00e9 consultant en gestion du stress pour la NASA. Il est le cr\u00e9ateur de la Somatic Experiencing\u00ae, une approche de la gu\u00e9rison des traumatismes bas\u00e9e sur la conscience du corps.&nbsp;<\/p>\n<\/div>\n<\/div>\n\n\n\n<h3 class=\"wp-block-heading\">Programme propos\u00e9&nbsp;:<\/h3>\n\n\n\n<ul class=\"wp-block-list\">\n<li><a href=\"https:\/\/enconscience.com\/index.php\/seances-collectives\/somatic-de-base\/\" data-type=\"page\" data-id=\"1899\">Cycle unique<\/a> &#8211; Cultivez vos ressources, stimulez votre nerf vague !<strong><a class=\"\" href=\"http:\/\/cxuhngu.cluster027.hosting.ovh.net\/index.php\/seances-collectives\/cycles-de-pleine-conscience\/cycle-de-base-mbsr\/\" target=\"_blank\" rel=\"noreferrer noopener\"><\/a><\/strong><\/li>\n<\/ul>\n\n\n\n<h3 class=\"wp-block-heading\">Une approche individuelle est propos\u00e9e :<\/h3>\n\n\n\n<ul class=\"wp-block-list\">\n<li><a href=\"https:\/\/enconscience.com\/index.php\/seances-individuelles\/therapie-individuelle-somatique\/\" data-type=\"page\" data-id=\"2327\">Th\u00e9rapie somatique<\/a><strong><a class=\"\" href=\"http:\/\/cxuhngu.cluster027.hosting.ovh.net\/index.php\/seances-collectives\/cycles-de-pleine-conscience\/cycle-de-base-mbsr\/\" target=\"_blank\" rel=\"noreferrer noopener\"><\/a><\/strong><\/li>\n<\/ul>\n<\/div><\/div>\n<\/div><\/div><\/div>\n","protected":false},"excerpt":{"rendered":"","protected":false},"author":1,"featured_media":0,"parent":1230,"menu_order":0,"comment_status":"closed","ping_status":"closed","template":"","meta":{"footnotes":""},"class_list":["post-3802","page","type-page","status-publish","hentry"],"_links":{"self":[{"href":"https:\/\/enconscience.com\/index.php\/wp-json\/wp\/v2\/pages\/3802"}],"collection":[{"href":"https:\/\/enconscience.com\/index.php\/wp-json\/wp\/v2\/pages"}],"about":[{"href":"https:\/\/enconscience.com\/index.php\/wp-json\/wp\/v2\/types\/page"}],"author":[{"embeddable":true,"href":"https:\/\/enconscience.com\/index.php\/wp-json\/wp\/v2\/users\/1"}],"replies":[{"embeddable":true,"href":"https:\/\/enconscience.com\/index.php\/wp-json\/wp\/v2\/comments?post=3802"}],"version-history":[{"count":8,"href":"https:\/\/enconscience.com\/index.php\/wp-json\/wp\/v2\/pages\/3802\/revisions"}],"predecessor-version":[{"id":4073,"href":"https:\/\/enconscience.com\/index.php\/wp-json\/wp\/v2\/pages\/3802\/revisions\/4073"}],"up":[{"embeddable":true,"href":"https:\/\/enconscience.com\/index.php\/wp-json\/wp\/v2\/pages\/1230"}],"wp:attachment":[{"href":"https:\/\/enconscience.com\/index.php\/wp-json\/wp\/v2\/media?parent=3802"}],"curies":[{"name":"wp","href":"https:\/\/api.w.org\/{rel}","templated":true}]}}