{"id":1985,"date":"2023-07-26T14:39:06","date_gmt":"2023-07-26T12:39:06","guid":{"rendered":"http:\/\/cxuhngu.cluster027.hosting.ovh.net\/?page_id=1985"},"modified":"2024-07-25T19:44:04","modified_gmt":"2024-07-25T17:44:04","slug":"cycles-de-communication","status":"publish","type":"page","link":"https:\/\/enconscience.com\/index.php\/seances-collectives\/communication\/cycles-de-communication\/","title":{"rendered":"Cycles de communication"},"content":{"rendered":"\n<div class=\"blockart-section blockart-section-ee77fe79 japonContainer\"><div class=\"blockart-container\"><div class=\"blockart-section-inner\">\n<div class=\"blockart-column blockart-column-1122cfe5\"><div class=\"blockart-column-inner\">\n<div class=\"green cyclesStatic communication\">\n      <div class=\"circle\"><\/div> <!-- Cercle centr\u00e9 avec diam\u00e8tre de 75% -->\n      <div class=\"gros_titre\"><a href=\"index.php\/seances-collectives\/communication\/\">Communication<\/a><\/div> <!-- Texte pivot\u00e9 avec classe \"gros_titre\" -->\n    \n      <!-- Div contenant les trois liens -->\n      <div class=\"links-container\">\n        <!-- Premier lien -->\n        <a href=\"index.php\/seances-collectives\/cycles-de-communication\/\" class=\"link selected\">\u2022 INITIATION<\/a>\n        <!-- Deuxi\u00e8me lien -->\n        <!-- <a href=\"index.php\/seances-collectives\/index.php\/seances-collectives\/cycles-de-pleine-conscience\/cycle-de-pleine-conscience-dapprofondissement\/\" class=\"link\">\u2022 APPROFONDISSEMENT<\/a> -->\n        <!-- Troisi\u00e8me lien -->\n        <!-- <a href=\"index.php\/seances-collectives\/index.php\/seances-collectives\/cycles-de-pleine-conscience\/cycles-de-pleine-conscience-specifique\/\" class=\"link\">\u2022 CYCLE SP\u00c9CIFIQUE<\/a> -->\n      <\/div>\n    <\/div>\n<\/div><\/div>\n\n\n\n<div class=\"blockart-column blockart-column-3b1364c1\"><div class=\"blockart-column-inner\">\n<div class=\"wp-block-group second japon1 is-content-justification-left is-layout-constrained wp-container-core-group-is-layout-2 wp-block-group-is-layout-constrained\">\n<p class=\"what\"><strong>Cycle d&#8217;initiation<\/strong><\/p>\n\n\n\n<h1 class=\"wp-block-heading\"><strong><strong><strong>Communiquer, en conscience<\/strong><\/strong><\/strong><\/h1>\n\n\n\n<blockquote class=\"wp-block-quote is-layout-flow wp-block-quote-is-layout-flow\">\n<p><em>Les gens n&#8217;ont pas besoin de conseils, ils ont besoin de compr\u00e9hension.<\/em> H. Brown<\/p>\n<\/blockquote>\n\n\n\n<div class=\"wp-block-group is-layout-constrained wp-block-group-is-layout-constrained\">\n<p>Ce cycle est con\u00e7u pour apprendre \u00e0 \u00eatre pr\u00e9sent et attentif \u00e0 soi et \u00e0 l\u2019autre lors d&#8217;une conversation.<\/p>\n\n\n\n<p>Pour pouvoir se sentir bien au sein de la relation, il s\u2019agit d&#8217;abord de se sentir proches et connect\u00e9s \u00e0 nous-m\u00eames. Cela implique de faire la clart\u00e9 sur ce qui se passe en nous et d\u2019accueillir ce qui est l\u00e0, sans jugement. Plut\u00f4t que d\u2019\u00eatre pris dans une r\u00e9activit\u00e9 inconsciente, nous pouvons comprendre ce qu\u2019il se passe et y r\u00e9pondre de mani\u00e8re plus ajust\u00e9e. Mais c\u2019est aussi, acqu\u00e9rir suffisamment de solidit\u00e9 int\u00e9rieure pour d\u00e9couvrir la perspective de l\u2019autre, sans juger ni interpr\u00e9ter, en accueillant simplement son point de vue avec bienveillance. Nous pouvons ainsi nous offrir des outils extraordinaires pour oser nous affirmer dans notre diff\u00e9rence, mieux g\u00e9rer les conflits et am\u00e9liorer la qualit\u00e9 de nos interactions avec les autres.<\/p>\n<\/div>\n<\/div>\n\n\n\n<h3 class=\"wp-block-heading\"><strong>Au cours de ces s\u00e9ances, vous apprendrez \u00e0 :<\/strong><\/h3>\n\n\n\n<ul class=\"wp-block-list\">\n<li>reconna\u00eetre&nbsp; vos r\u00e9action de stress lors d\u2019un \u00e9change&nbsp;<\/li>\n\n\n\n<li>d\u00e9velopper vos capacit\u00e9s d\u2019\u00e9coute de vous-m\u00eame et de l\u2019autre<\/li>\n\n\n\n<li>faire une \u00ab&nbsp;pause&nbsp;\u00bb au sein de la communication &nbsp;<\/li>\n\n\n\n<li>vous d\u00e9tendre et \u00e0 d\u00e9velopper de la bienveillance pour vous-m\u00eame<\/li>\n\n\n\n<li>accueillir vos pens\u00e9es et \u00e9motions sans jugement<\/li>\n\n\n\n<li>aller voir la perspective de l\u2019autre<\/li>\n\n\n\n<li>accroitre votre conscience dans les interactions et d\u2019\u00e9couter en profondeur<\/li>\n\n\n\n<li>\u00eatre authentique dans votre mani\u00e8re de vous exprimer.<\/li>\n\n\n\n<li>\u00e9tablir des relations inter-personnelles plus satisfaisantes dans votre quotidien<\/li>\n<\/ul>\n<\/div><\/div>\n<\/div><\/div><\/div>\n\n\n\n<div class=\"wp-block-group is-vertical is-layout-flex wp-container-core-group-is-layout-3 wp-block-group-is-layout-flex\">\n<h5 class=\"wp-block-heading\"><strong><strong>Organisation<\/strong><\/strong><\/h5>\n\n\n\n<p class=\"block\"><\/p>\n<\/div>\n\n\n\n<div class=\"wp-block-group is-vertical is-layout-flex wp-container-core-group-is-layout-4 wp-block-group-is-layout-flex\">\n<h5 class=\"wp-block-heading\"><strong>Pr\u00e9-requis&nbsp;<\/strong><\/h5>\n\n\n\n<p class=\"block\">Ce cycle est ouvert \u00e0 toute personne ayant suivi le cycle de pleine conscience. N\u00e9anmoins, ce programme ne convient pas aux personnes actuellement en d\u00e9tresse psychologique aigu\u00eb (troubles bipolaires non stabilis\u00e9s, d\u00e9pression aigu\u00eb, troubles psychotiques). Une prise en charge individuelle peut s\u2019av\u00e9rer bien plus adapt\u00e9e \u00e0 ce type de situations. N\u2019h\u00e9sitez pas \u00e0 me contacter pour en discuter.<\/p>\n<\/div>\n\n\n\n<div class=\"wp-block-group is-vertical is-layout-flex wp-container-core-group-is-layout-5 wp-block-group-is-layout-flex\">\n<h5 class=\"wp-block-heading\"><strong><strong>T\u00e9moignage<\/strong><\/strong><\/h5>\n\n\n\n<p class=\"block\"><\/p>\n<\/div>\n\n\n\n<div class=\"wp-block-group is-vertical is-layout-flex wp-container-core-group-is-layout-6 wp-block-group-is-layout-flex\">\n<h5 class=\"wp-block-heading\"><strong><strong><strong>Dates &amp; lieu<\/strong><\/strong><\/strong><\/h5>\n\n\n\n<p class=\"block\"><\/p>\n<\/div>\n\n\n\n<div class=\"wp-block-group is-vertical is-layout-flex wp-container-core-group-is-layout-7 wp-block-group-is-layout-flex\">\n<h5 class=\"wp-block-heading\"><strong><strong><strong>Inscription<\/strong><\/strong><\/strong><\/h5>\n\n\n\n<p class=\"block\"><\/p>\n<\/div>\n\n\n\n<div class=\"wp-block-group is-vertical is-layout-flex wp-container-core-group-is-layout-8 wp-block-group-is-layout-flex\">\n<h5 class=\"wp-block-heading\"><strong><strong><strong>Conditions d\u2019annulation<\/strong><\/strong><\/strong><\/h5>\n\n\n\n<p>En cas d\u2019annulation de votre part, un remboursement partiel est possible jusqu\u2019\u00e0 30 jours calendrier avant le d\u00e9but de l\u2019activit\u00e9. Au-del\u00e0 de cette date, aucun remboursement ne sera possible.&nbsp;Dans tous les cas, 10% de la somme est toujours conserv\u00e9e.<\/p>\n<\/div>\n","protected":false},"excerpt":{"rendered":"<p>Organisation Pr\u00e9-requis&nbsp; Ce cycle est ouvert \u00e0 toute personne ayant suivi le cycle de pleine conscience. N\u00e9anmoins, ce programme ne convient pas aux personnes actuellement en d\u00e9tresse psychologique aigu\u00eb (troubles bipolaires non stabilis\u00e9s, d\u00e9pression aigu\u00eb, troubles psychotiques). Une prise en charge individuelle peut s\u2019av\u00e9rer bien plus adapt\u00e9e \u00e0 ce type de situations. N\u2019h\u00e9sitez pas \u00e0 [&hellip;]<\/p>\n","protected":false},"author":1,"featured_media":0,"parent":3994,"menu_order":0,"comment_status":"closed","ping_status":"closed","template":"","meta":{"footnotes":""},"class_list":["post-1985","page","type-page","status-publish","hentry"],"_links":{"self":[{"href":"https:\/\/enconscience.com\/index.php\/wp-json\/wp\/v2\/pages\/1985"}],"collection":[{"href":"https:\/\/enconscience.com\/index.php\/wp-json\/wp\/v2\/pages"}],"about":[{"href":"https:\/\/enconscience.com\/index.php\/wp-json\/wp\/v2\/types\/page"}],"author":[{"embeddable":true,"href":"https:\/\/enconscience.com\/index.php\/wp-json\/wp\/v2\/users\/1"}],"replies":[{"embeddable":true,"href":"https:\/\/enconscience.com\/index.php\/wp-json\/wp\/v2\/comments?post=1985"}],"version-history":[{"count":22,"href":"https:\/\/enconscience.com\/index.php\/wp-json\/wp\/v2\/pages\/1985\/revisions"}],"predecessor-version":[{"id":4081,"href":"https:\/\/enconscience.com\/index.php\/wp-json\/wp\/v2\/pages\/1985\/revisions\/4081"}],"up":[{"embeddable":true,"href":"https:\/\/enconscience.com\/index.php\/wp-json\/wp\/v2\/pages\/3994"}],"wp:attachment":[{"href":"https:\/\/enconscience.com\/index.php\/wp-json\/wp\/v2\/media?parent=1985"}],"curies":[{"name":"wp","href":"https:\/\/api.w.org\/{rel}","templated":true}]}}