{"id":1975,"date":"2023-07-26T14:22:37","date_gmt":"2023-07-26T12:22:37","guid":{"rendered":"http:\/\/cxuhngu.cluster027.hosting.ovh.net\/?page_id=1975"},"modified":"2024-06-03T16:27:18","modified_gmt":"2024-06-03T14:27:18","slug":"cycles-dautocompassion-specifique","status":"publish","type":"page","link":"https:\/\/enconscience.com\/index.php\/seances-collectives\/cycles-dautocompassion\/cycles-dautocompassion-specifique\/","title":{"rendered":"Cycles d\u2019autocompassion &#8211; sp\u00e9cifique"},"content":{"rendered":"\n<div class=\"blockart-section blockart-section-ee77fe79 japonContainer\"><div class=\"blockart-container\"><div class=\"blockart-section-inner\">\n<div class=\"blockart-column blockart-column-1122cfe5\"><div class=\"blockart-column-inner\">\n<div class=\"red cyclesStatic compassion\">\n      <div class=\"circle\"><\/div> <!-- Cercle centr\u00e9 avec diam\u00e8tre de 75% -->\n      <div class=\"gros_titre\"><a href=\"index.php\/seances-collectives\/cycles-dautocompassion\/\">Autocompassion<\/a><\/div> <!-- Texte pivot\u00e9 avec classe \"gros_titre\" -->\n    \n      <!-- Div contenant les trois liens -->\n      <div class=\"links-container\">\n        <!-- Premier lien -->\n        <a href=\"index.php\/seances-collectives\/cycles-dautocompassion\/cycles-dautocompassion-initiation\/\" class=\"link\">\u2022 INITIATION<\/a>\n        <!-- Deuxi\u00e8me lien -->\n        <a href=\"index.php\/seances-collectives\/cycles-dautocompassion\/cycles-dautocompassion-dapprofondissement\/\" class=\"link\">\u2022 APPROFONDISSEMENT<\/a>\n        <!-- Troisi\u00e8me lien -->\n        <a href=\"index.php\/seances-collectives\/cycles-dautocompassion\/cycles-dautocompassion-specifique\/\" class=\"link selected\">\u2022 CYCLE SP\u00c9CIFIQUE<\/a>\n      <\/div>\n    <\/div>\n<\/div><\/div>\n\n\n\n<div class=\"blockart-column blockart-column-3b1364c1\"><div class=\"blockart-column-inner\">\n<div class=\"wp-block-group second japon1 is-content-justification-left is-layout-constrained wp-container-core-group-is-layout-2 wp-block-group-is-layout-constrained\">\n<p class=\"what\"><strong><strong><strong>Cycle sp\u00e9cifique<\/strong><\/strong><\/strong><\/p>\n\n\n\n<h1 class=\"wp-block-heading\">Cycle d&#8217;autocompassion<\/h1>\n\n\n\n<blockquote class=\"wp-block-quote is-layout-flow wp-block-quote-is-layout-flow\">\n<p><em><strong><em>L\u2019autocompassion<\/em><\/strong><em>, une pratique efficace pour mieux g\u00e9rer le stress, la peur, l\u2019anxi\u00e9t\u00e9 apr\u00e8s la maladie.<\/em><\/em><\/p>\n<\/blockquote>\n\n\n\n<div class=\"wp-block-group is-layout-constrained wp-block-group-is-layout-constrained\">\n<h3 class=\"wp-block-heading\"><strong><strong><strong><strong><strong><strong><strong>Am\u00e9liorer son bien-\u00eatre apr\u00e8s un cancer &nbsp;<\/strong><\/strong><\/strong><\/strong><\/strong><\/strong><\/strong><\/h3>\n\n\n\n<p>Dans le cadre de l\u2019\u00e9tude en oncologie \u00ab&nbsp;Hypnose, transe &amp; m\u00e9ditation&nbsp;\u00bb, le CHU de Li\u00e8ge et Emergences proposent GRATUITEMENT un programme d\u2019autocompassion en pleine conscience (MSC). Ce cycle ne s\u2019adresse qu\u2019\u00e0 des patients qui ont fait un traitement en oncologie.&nbsp;<\/p>\n\n\n\n<p>Par diff\u00e9rents exercices pratiques, vous d\u00e9couvrirez comment d\u00e9velopper une attitude bienveillante vis-\u00e0-vis de vous-m\u00eame, vous apaiser face aux jugements et \u00e0 l\u2019auto-critique, apprendre \u00e0 mieux g\u00e9rer les \u00e9motions difficiles telles que la peur, la solitude ou la tristesse. Cette m\u00e9thode bas\u00e9e sur de nombreuses recherches scientifiques d\u00e9veloppe votre capacit\u00e9 \u00e0 vous r\u00e9conforter, vous apaiser et vous encourager au c\u0153ur m\u00eame de la tourmente.<\/p>\n<\/div>\n\n\n\n<p><\/p>\n<\/div>\n<\/div><\/div>\n<\/div><\/div><\/div>\n\n\n\n<div class=\"wp-block-group is-vertical is-layout-flex wp-container-core-group-is-layout-3 wp-block-group-is-layout-flex\">\n<h5 class=\"wp-block-heading\"><strong>Organisation<\/strong><\/h5>\n\n\n\n<p class=\"block\">Ce programme MSC se donne en groupe de 8 \u00e0 10 personnes et se compose de 8 s\u00e9ances hebdomadaires d\u2019une dur\u00e9e de 2h30 ainsi qu\u2019un s\u00e9minaire d&#8217;une demi-journ\u00e9e qui permet d\u2019approfondir sa pratique.&nbsp;<\/p>\n<\/div>\n\n\n\n<div class=\"wp-block-group is-vertical is-layout-flex wp-container-core-group-is-layout-4 wp-block-group-is-layout-flex\">\n<h5 class=\"wp-block-heading\"><strong><strong>Pr\u00e9-requis&nbsp;<\/strong><\/strong><\/h5>\n\n\n\n<p class=\"block\">Pour participer \u00e0 cette \u00e9tude scientifique propos\u00e9e par le CHU de Li\u00e8ge en collaboration avec Emergences, il est n\u00e9cessaire d\u2019avoir termin\u00e9 tous les traitements &#8220;actifs&#8221; depuis un an maximum, et de ne pas avoir de pratique r\u00e9guli\u00e8re de la m\u00e9ditation.<\/p>\n<\/div>\n\n\n\n<div class=\"wp-block-group is-vertical is-layout-flex wp-container-core-group-is-layout-5 wp-block-group-is-layout-flex\">\n<h5 class=\"wp-block-heading\"><strong><strong><strong>Dates &amp; lieu<\/strong><\/strong><\/strong><\/h5>\n\n\n\n<p><strong>Li\u00e8ge<\/strong> &#8211; <strong>MARDIS <\/strong><strong>APRES-MIDI<\/strong> (13:30 \u00e0 16:00)&nbsp;+ un s\u00e9minaire d&#8217;une demi-journ\u00e9e samedi 1<sup>er<\/sup> juin&nbsp;<\/p>\n\n\n\n<p>Les 16-30 avril 2024, 07-14-21-28 mai 2024, 28-04-11 juin 2024.<\/p>\n<\/div>\n\n\n\n<div class=\"wp-block-group is-vertical is-layout-flex wp-container-core-group-is-layout-6 wp-block-group-is-layout-flex\">\n<h5 class=\"wp-block-heading\"><strong><strong><strong><strong>Inscription<\/strong><\/strong><\/strong><\/strong><\/h5>\n\n\n\n<p>Pour vous inscrire <strong>gratuitement <\/strong>contacter Mme MARIE Nolwenn :&nbsp;<a href=\"mailto:nmarie@uliege.be\">nmarie@uliege.be<\/a> ou par appel t\u00e9l\u00e9phonique 04\/366.34.92<\/p>\n<\/div>\n","protected":false},"excerpt":{"rendered":"<p>Organisation Ce programme MSC se donne en groupe de 8 \u00e0 10 personnes et se compose de 8 s\u00e9ances hebdomadaires d\u2019une dur\u00e9e de 2h30 ainsi qu\u2019un s\u00e9minaire d&#8217;une demi-journ\u00e9e qui permet d\u2019approfondir sa pratique.&nbsp; Pr\u00e9-requis&nbsp; Pour participer \u00e0 cette \u00e9tude scientifique propos\u00e9e par le CHU de Li\u00e8ge en collaboration avec Emergences, il est n\u00e9cessaire d\u2019avoir [&hellip;]<\/p>\n","protected":false},"author":1,"featured_media":0,"parent":1529,"menu_order":0,"comment_status":"closed","ping_status":"closed","template":"","meta":{"footnotes":""},"class_list":["post-1975","page","type-page","status-publish","hentry"],"_links":{"self":[{"href":"https:\/\/enconscience.com\/index.php\/wp-json\/wp\/v2\/pages\/1975"}],"collection":[{"href":"https:\/\/enconscience.com\/index.php\/wp-json\/wp\/v2\/pages"}],"about":[{"href":"https:\/\/enconscience.com\/index.php\/wp-json\/wp\/v2\/types\/page"}],"author":[{"embeddable":true,"href":"https:\/\/enconscience.com\/index.php\/wp-json\/wp\/v2\/users\/1"}],"replies":[{"embeddable":true,"href":"https:\/\/enconscience.com\/index.php\/wp-json\/wp\/v2\/comments?post=1975"}],"version-history":[{"count":13,"href":"https:\/\/enconscience.com\/index.php\/wp-json\/wp\/v2\/pages\/1975\/revisions"}],"predecessor-version":[{"id":4046,"href":"https:\/\/enconscience.com\/index.php\/wp-json\/wp\/v2\/pages\/1975\/revisions\/4046"}],"up":[{"embeddable":true,"href":"https:\/\/enconscience.com\/index.php\/wp-json\/wp\/v2\/pages\/1529"}],"wp:attachment":[{"href":"https:\/\/enconscience.com\/index.php\/wp-json\/wp\/v2\/media?parent=1975"}],"curies":[{"name":"wp","href":"https:\/\/api.w.org\/{rel}","templated":true}]}}