{"id":1968,"date":"2023-07-26T14:20:13","date_gmt":"2023-07-26T12:20:13","guid":{"rendered":"http:\/\/cxuhngu.cluster027.hosting.ovh.net\/?page_id=1968"},"modified":"2024-09-02T17:09:26","modified_gmt":"2024-09-02T15:09:26","slug":"cycles-dautocompassion-initiation","status":"publish","type":"page","link":"https:\/\/enconscience.com\/index.php\/seances-collectives\/cycles-dautocompassion\/cycles-dautocompassion-initiation\/","title":{"rendered":"Cycles d&#8217;initiation (autocompassion)"},"content":{"rendered":"\n<div class=\"blockart-section blockart-section-8b9bc9a4 japonContainer\"><div class=\"blockart-container\"><div class=\"blockart-section-inner\">\n<div class=\"blockart-column blockart-column-27ef6530\"><div class=\"blockart-column-inner\">\n<div class=\"red cyclesStatic compassion\">\n      <div class=\"circle\"><\/div> <!-- Cercle centr\u00e9 avec diam\u00e8tre de 75% -->\n      <div class=\"gros_titre\"><a href=\"index.php\/seances-collectives\/cycles-dautocompassion\/\">Autocompassion<\/a><\/div> <!-- Texte pivot\u00e9 avec classe \"gros_titre\" -->\n    \n      <!-- Div contenant les trois liens -->\n      <div class=\"links-container\">\n        <!-- Premier lien -->\n        <a href=\"index.php\/seances-collectives\/cycles-dautocompassion\/cycles-dautocompassion-initiation\/\" class=\"link selected\">\u2022 INITIATION<\/a>\n        <!-- Deuxi\u00e8me lien -->\n        <a href=\"index.php\/seances-collectives\/cycles-dautocompassion\/cycles-dautocompassion-dapprofondissement\/\" class=\"link\">\u2022 APPROFONDISSEMENT<\/a>\n        <!-- Troisi\u00e8me lien -->\n        <a href=\"index.php\/seances-collectives\/cycles-dautocompassion\/cycles-dautocompassion-specifique\/\" class=\"link\">\u2022 CYCLE SP\u00c9CIFIQUE<\/a>\n      <\/div>\n    <\/div>\n<\/div><\/div>\n\n\n\n<div class=\"blockart-column blockart-column-e0db17d3\"><div class=\"blockart-column-inner\">\n<div class=\"wp-block-group second japon1 is-content-justification-left is-layout-constrained wp-container-core-group-is-layout-2 wp-block-group-is-layout-constrained\">\n<p class=\"what\"><strong><strong>Cycle d\u2019initiation<\/strong><\/strong><\/p>\n\n\n\n<h1 class=\"wp-block-heading\"><strong><strong><strong>Autocompassion,  <\/strong><\/strong>devenez votre meilleur.e ami.e !\u00a0(MSC)<\/strong><\/h1>\n\n\n\n<blockquote class=\"wp-block-quote is-layout-flow wp-block-quote-is-layout-flow\">\n<p><em>L\u2019autocompassion signifie&#8230;<br>d\u00e9velopper sa capacit\u00e9 \u00e0 s\u2019apporter son propre soutien quand on est en difficult\u00e9.<\/em><\/p>\n<\/blockquote>\n\n\n\n<div class=\"wp-block-group is-layout-constrained wp-block-group-is-layout-constrained\">\n<p>Le cycle de base\u00a0d\u2019autocompassion-MSC (Mindful Self-Compassion)\u00a0est con\u00e7u pour renforcer votre s\u00e9curit\u00e9 int\u00e9rieure, de mani\u00e8re \u00e0 vous donner la force d\u2019agir, m\u00eame dans des circonstances difficiles.<br>Par diff\u00e9rents exercices pratiques, vous allez d\u00e9couvrir des ressources cach\u00e9es au c\u0153ur de vous-m\u00eame. Vous serez en mesure d\u2019adopter une attitude bienveillante envers vous, de vous apaiser face au jugement et \u00e0 l\u2019autocritique et de mieux g\u00e9rer vos \u00e9motions (anxi\u00e9t\u00e9, col\u00e8re ou culpabilit\u00e9\u2026). Plut\u00f4t que de vous mettre la pression, vous serez en amiti\u00e9 avec vous-m\u00eame et capable de vous offrir un r\u00e9el soutien. Vous pourrez \u00e9galement constater une plus grande fluidit\u00e9 dans vos relations. Vous sortirez de ce cycle plus l\u00e9ger, sachant rebondir et mieux faire face aux d\u00e9fis de la vie.<br><br>Ce cycle de Mindful Self-Compassion (MSC), con\u00e7u par Kristin Neff (pionni\u00e8re dans le domaine de la recherche sur l\u2019autocompassion) et Christopher Germer (psychologue et charg\u00e9 de cours \u00e0 Harvard Medical School), a \u00e9t\u00e9 valid\u00e9 scientifiquement. Les recherches sur l\u2019auto-compassion ont prouv\u00e9 son impact notamment sur le bien-\u00eatre \u00e9motionnel, la qualit\u00e9 des relations interpersonnelles, la capacit\u00e9 de r\u00e9silience face aux difficult\u00e9s et sur l\u2019\u00e9tablissement d\u2019habitudes de vie plus saines.<br>Le programme m\u00ealera pratiques m\u00e9ditatives, brefs apports th\u00e9oriques ainsi qu\u2019\u00e9changes en groupe et en duo.a<\/p>\n<\/div>\n<\/div>\n\n\n\n<h3 class=\"wp-block-heading\"><strong><strong><strong>Au cours de ces s\u00e9ances, vous apprendrez \u00e0 :&nbsp;<\/strong><\/strong><\/strong><\/h3>\n\n\n\n<ul class=\"wp-block-list\">\n<li>vous centrer et trouver une position de force pour agir<br><\/li>\n\n\n\n<li>vous lib\u00e9rer de l\u2019autocritique et des jugements<\/li>\n\n\n\n<li>ne plus \u00eatre guid\u00e9 par la peur de l\u2019\u00e9chec<\/li>\n\n\n\n<li>cultiver l\u2019estime de soi<\/li>\n\n\n\n<li>diminuer le stress et l\u2019anxi\u00e9t\u00e9<\/li>\n\n\n\n<li>r\u00e9guler vos \u00e9motions<\/li>\n\n\n\n<li>ne plus vous sentir seul.e<\/li>\n\n\n\n<li>vous prot\u00e9ger, mettre vos limites<br><\/li>\n\n\n\n<li>am\u00e9liorer l\u2019\u00e9quilibre de vos relations<\/li>\n<\/ul>\n\n\n\n<p><\/p>\n<\/div><\/div>\n<\/div><\/div><\/div>\n\n\n\n<div class=\"wp-block-group is-vertical is-layout-flex wp-container-core-group-is-layout-3 wp-block-group-is-layout-flex\">\n<h5 class=\"wp-block-heading\"><strong><strong>Organisation<\/strong><\/strong><\/h5>\n\n\n\n<p class=\"block\">Le cycle comporte 8 s\u00e9ances de 2h30, r\u00e9parties sur 8 semaines cons\u00e9cutives ainsi qu\u2019un s\u00e9minaire d&#8217;une demi-journ\u00e9e qui permet d\u2019approfondir sa pratique. Le module est pr\u00e9c\u00e9d\u00e9 d\u2019une s\u00e9ance d\u2019informations qui vous pr\u00e9sente le programme.&nbsp;<\/p>\n<\/div>\n\n\n\n<div class=\"wp-block-group is-vertical is-layout-flex wp-container-core-group-is-layout-4 wp-block-group-is-layout-flex\">\n<h5 class=\"wp-block-heading\"><strong><strong>Pr\u00e9-requis&nbsp;<\/strong><\/strong><\/h5>\n\n\n\n<p class=\"block\">Ce cycle est ouvert aux adultes. Il compl\u00e8te tr\u00e8s bien le cycle de Pleine Conscience. N\u00e9anmoins, ce programme ne convient pas aux personnes actuellement en d\u00e9tresse psychologique aigu\u00eb (troubles bipolaires non stabilis\u00e9s, d\u00e9pression aigu\u00eb, troubles psychotiques). Une prise en charge individuelle peut s\u2019av\u00e9rer bien plus adapt\u00e9e \u00e0 ce type de situations. N\u2019h\u00e9sitez pas \u00e0 me contacter pour en discuter.<\/p>\n<\/div>\n\n\n\n<div class=\"wp-block-group is-vertical is-layout-flex wp-container-core-group-is-layout-5 wp-block-group-is-layout-flex\">\n<h5 class=\"wp-block-heading\"><strong><strong><strong>T\u00e9moignages<\/strong><\/strong><\/strong><\/h5>\n\n\n\n<p class=\"block\"><em>\u00ab&nbsp;Merci ! Merci ! Merci ! L&#8217;auto-compassion et le plein accueil des \u00e9motions et du ressenti sont un vrai chemin pour moi. Doucement et avec bienveillance, modifier certains &#8220;modes par d\u00e9faut&#8221; n&#8217;est pas facile. Je suis en tout cas bien d\u00e9cid\u00e9e \u00e0 essayer de garder le fil que j&#8217;ai trouv\u00e9 et de continuer \u00e0 le d\u00e9ployer ! J&#8217;ai ador\u00e9 ton accompagnement, ta voix, ta bienveillance, le caract\u00e8re structur\u00e9 de cette session (tes gentils mails tr\u00e8s complets, le syllabus&#8230;). Infiniment merci encore pour tout cela !&nbsp;\u00bb.<\/em> Marie<\/p>\n<\/div>\n\n\n\n<div class=\"wp-block-group is-vertical is-layout-flex wp-container-core-group-is-layout-6 wp-block-group-is-layout-flex\">\n<h5 class=\"wp-block-heading\"><strong><strong><strong><strong>Dates, lieux &amp; inscriptions<\/strong><\/strong><\/strong><\/strong><\/h5>\n\n\n\n<p><strong><a href=\"https:\/\/www.emergences.org\/\" data-type=\"link\" data-id=\"https:\/\/www.emergences.org\/\" target=\"_blank\" rel=\"noreferrer noopener\">Emergences<\/a><\/strong><br>Etterbeek<strong> <\/strong>&#8211; mardis soir <br>Infos et inscription&nbsp;<a href=\"https:\/\/www.emergences.org\/events\/autocompassion-optez-pour-la-bienveillance-envers-vous-meme-2\" target=\"_blank\" rel=\"noreferrer noopener\">ici<\/a><a href=\"https:\/\/www.emergences.org\/events\/mindfulness-ozan-septembre-amercredi-octobre\">.<\/a><\/p>\n<\/div>\n\n\n\n<div class=\"wp-block-group is-vertical is-layout-flex wp-container-core-group-is-layout-7 wp-block-group-is-layout-flex\">\n<h5 class=\"wp-block-heading\"><strong><strong><strong><strong><strong>S\u00e9ance d\u2019informations<\/strong><\/strong><\/strong><\/strong><\/strong><\/h5>\n\n\n\n<p>S\u00e9ance d\u2019informations du cycle d\u2019autocompassion en pleine conscience &#8211; en ligne&nbsp;<br>Infos et inscription&nbsp;<a href=\"https:\/\/www.emergences.org\/events\/mindfulness-ozan-septembre-amercredi-octobre\">ici.<\/a><\/p>\n<\/div>\n\n\n\n<div class=\"wp-block-group is-vertical is-layout-flex wp-container-core-group-is-layout-8 wp-block-group-is-layout-flex\">\n<h5 class=\"wp-block-heading\"><strong><strong><strong><strong><strong><strong><strong>Conditions d\u2019annulation<\/strong><\/strong><\/strong><\/strong><\/strong><\/strong><\/strong><\/h5>\n\n\n\n<p>En cas d\u2019annulation de votre part, un remboursement partiel est possible jusqu\u2019\u00e0 30 jours calendrier avant le d\u00e9but de l\u2019activit\u00e9. Au-del\u00e0 de cette date, aucun remboursement ne sera possible.&nbsp;Dans tous les cas, 10% de la somme est toujours conserv\u00e9e.<\/p>\n<\/div>\n","protected":false},"excerpt":{"rendered":"<p>Organisation Le cycle comporte 8 s\u00e9ances de 2h30, r\u00e9parties sur 8 semaines cons\u00e9cutives ainsi qu\u2019un s\u00e9minaire d&#8217;une demi-journ\u00e9e qui permet d\u2019approfondir sa pratique. Le module est pr\u00e9c\u00e9d\u00e9 d\u2019une s\u00e9ance d\u2019informations qui vous pr\u00e9sente le programme.&nbsp; Pr\u00e9-requis&nbsp; Ce cycle est ouvert aux adultes. Il compl\u00e8te tr\u00e8s bien le cycle de Pleine Conscience. N\u00e9anmoins, ce programme ne [&hellip;]<\/p>\n","protected":false},"author":1,"featured_media":0,"parent":1529,"menu_order":0,"comment_status":"closed","ping_status":"closed","template":"","meta":{"footnotes":""},"class_list":["post-1968","page","type-page","status-publish","hentry"],"_links":{"self":[{"href":"https:\/\/enconscience.com\/index.php\/wp-json\/wp\/v2\/pages\/1968"}],"collection":[{"href":"https:\/\/enconscience.com\/index.php\/wp-json\/wp\/v2\/pages"}],"about":[{"href":"https:\/\/enconscience.com\/index.php\/wp-json\/wp\/v2\/types\/page"}],"author":[{"embeddable":true,"href":"https:\/\/enconscience.com\/index.php\/wp-json\/wp\/v2\/users\/1"}],"replies":[{"embeddable":true,"href":"https:\/\/enconscience.com\/index.php\/wp-json\/wp\/v2\/comments?post=1968"}],"version-history":[{"count":45,"href":"https:\/\/enconscience.com\/index.php\/wp-json\/wp\/v2\/pages\/1968\/revisions"}],"predecessor-version":[{"id":4108,"href":"https:\/\/enconscience.com\/index.php\/wp-json\/wp\/v2\/pages\/1968\/revisions\/4108"}],"up":[{"embeddable":true,"href":"https:\/\/enconscience.com\/index.php\/wp-json\/wp\/v2\/pages\/1529"}],"wp:attachment":[{"href":"https:\/\/enconscience.com\/index.php\/wp-json\/wp\/v2\/media?parent=1968"}],"curies":[{"name":"wp","href":"https:\/\/api.w.org\/{rel}","templated":true}]}}