{"id":1954,"date":"2023-07-26T13:59:55","date_gmt":"2023-07-26T11:59:55","guid":{"rendered":"http:\/\/cxuhngu.cluster027.hosting.ovh.net\/?page_id=1954"},"modified":"2026-02-13T13:18:38","modified_gmt":"2026-02-13T12:18:38","slug":"cycles-de-pleine-conscience-specifique","status":"publish","type":"page","link":"https:\/\/enconscience.com\/index.php\/seances-collectives\/cycles-de-pleine-conscience\/cycles-de-pleine-conscience-specifique\/","title":{"rendered":"Cycles de pleine conscience &#8211; Sp\u00e9cifique"},"content":{"rendered":"\n<div class=\"blockart-section blockart-section-ee77fe79 japonContainer\"><div class=\"blockart-container\"><div class=\"blockart-section-inner\">\n<div class=\"blockart-column blockart-column-1122cfe5\"><div class=\"blockart-column-inner\">\n<div class=\"yellow cyclesStatic pc\">\n      <div class=\"circle\"><\/div> <!-- Cercle centr\u00e9 avec diam\u00e8tre de 75% -->\n      <div class=\"gros_titre\"><a href=\"index.php\/seances-collectives\/cycles-de-pleine-conscience\/\">Pleine conscience<\/a><\/div> <!-- Texte pivot\u00e9 avec classe \"gros_titre\" -->\n    \n      <!-- Div contenant les trois liens -->\n      <div class=\"links-container\">\n        <!-- Premier lien -->\n        <a href=\"index.php\/seances-collectives\/index.php\/seances-collectives\/cycles-de-pleine-conscience\/cycle-de-base-mbsr\/\" class=\"link\">\u2022 INITIATION<\/a>\n        <!-- Deuxi\u00e8me lien -->\n        <a href=\"index.php\/seances-collectives\/index.php\/seances-collectives\/cycles-de-pleine-conscience\/cycle-de-pleine-conscience-dapprofondissement\/\" class=\"link \">\u2022 APPROFONDISSEMENT<\/a>\n        <!-- Troisi\u00e8me lien -->\n        <a href=\"index.php\/seances-collectives\/index.php\/seances-collectives\/cycles-de-pleine-conscience\/cycles-de-pleine-conscience-specifique\/\" class=\"link selected\">\u2022 CYCLE SP\u00c9CIFIQUE<\/a>\n      <\/div>\n    <\/div>\n<\/div><\/div>\n\n\n\n<div class=\"blockart-column blockart-column-3b1364c1\"><div class=\"blockart-column-inner\">\n<div class=\"wp-block-group second japon1 is-content-justification-left is-layout-constrained wp-container-core-group-is-layout-2 wp-block-group-is-layout-constrained\">\n<p class=\"what\"><strong>Cycle sp\u00e9cifique&nbsp;&#8211; Pour les personnes qui ont un TDA-H<\/strong><\/p>\n\n\n\n<h1 class=\"wp-block-heading\"><strong><strong>TDA-H<\/strong><\/strong> ? Trouver l&#8217;\u00e9quilibre au quotidien<\/h1>\n\n\n\n<blockquote class=\"wp-block-quote is-layout-flow wp-block-quote-is-layout-flow\">\n<p><em>L\u00e0 o\u00f9 va l\u2019attention, l\u2019\u00e9nergie va. <\/em>Lao Tseu<\/p>\n<\/blockquote>\n\n\n\n<div class=\"wp-block-group is-layout-constrained wp-block-group-is-layout-constrained\">\n<p>Ce programme de pleine conscience est un cycle sp\u00e9cifiquement con\u00e7u pour les personnes avec un TDA-H. Il donne une approche pratique pour vous aider \u00e0 focaliser votre attention, \u00e0 \u00eatre plus en accord et en harmonie avec vos \u00e9motions, \u00e0 am\u00e9liorer votre communication et vos relations aux autres. Au-del\u00e0 des imperfections, la libert\u00e9 et l\u2019apaisement sont possibles. Gr\u00e2ce \u00e0 la pratique de la pleine conscience, vous trouverez des outils pour faire face aux sympt\u00f4mes du TDA-H et am\u00e9liorer votre qualit\u00e9 de vie.<\/p>\n\n\n\n<p><strong>Comment \u00e7a marche?<\/strong><\/p>\n\n\n\n<p>Des exercices simples et courts. Quelques minutes suffisent ! Apprenez \u00e0 observer vos pens\u00e9es, \u00e9motions et sensations sans les juger. Int\u00e9grez facilement ces pratiques dans votre quotidien. <br>Le programme m\u00ealera pratiques m\u00e9ditatives, brefs apports th\u00e9oriques ainsi qu&#8217;\u00e9changes en groupe et en duo.<br><\/p>\n<\/div>\n<\/div>\n\n\n\n<h3 class=\"wp-block-heading\"><strong>Au cours de ces s\u00e9ances, vous apprendrez \u00e0 :<\/strong><\/h3>\n\n\n\n<ul class=\"wp-block-list\">\n<li><strong>am\u00e9liorer l\u2019attention<\/strong> : avoir la capacit\u00e9 de mieux diriger votre attention en fonction de votre besoin.<\/li>\n\n\n\n<li><strong>mieux g\u00e9rer le stress &amp; l\u2019anxi\u00e9t\u00e9<\/strong> <\/li>\n\n\n\n<li><strong>r\u00e9guler vos \u00e9motions<\/strong> (r\u00e9pondre aux \u00e9motions intenses de mani\u00e8re r\u00e9fl\u00e9chie plut\u00f4t que r\u00e9active).<\/li>\n\n\n\n<li><strong>renforcer l\u2019organisation et la productivit\u00e9<\/strong> : int\u00e9grer la pleine conscience dans les routines quotidiennes pour une meilleure gestion du temps et des priorit\u00e9s.<\/li>\n\n\n\n<li><strong>promouvoir l\u2019autocompassion<\/strong> (r\u00e9duire le critique int\u00e9rieur et d\u00e9velopper votre capacit\u00e9 \u00e0 vous apporter votre propre soutien quand vous \u00eates en difficult\u00e9).<\/li>\n\n\n\n<li>am\u00e9liorer <strong>la communication interpersonnelle<\/strong><\/li>\n<\/ul>\n\n\n\n<p>Ce programme est co-anim\u00e9 par <a href=\"http:\/\/www.serenitherapie.com\" data-type=\"link\" data-id=\"www.serenitherapie.com\" target=\"_blank\" rel=\"noreferrer noopener\">Serge Destrain<\/a> (psychologue sp\u00e9cialis\u00e9 dans l\u2019accompagnement des TDA-H ) et <strong><a href=\"https:\/\/enconscience.com\/index.php\/contact-et-plus\/\" data-type=\"page\" data-id=\"1306\">Val\u00e9rie van Nitsen<\/a><\/strong>.<\/p>\n<\/div><\/div>\n<\/div><\/div><\/div>\n\n\n\n<div class=\"wp-block-group is-vertical is-layout-flex wp-container-core-group-is-layout-3 wp-block-group-is-layout-flex\">\n<h5 class=\"wp-block-heading\"><strong><strong>Organisation<\/strong><\/strong><\/h5>\n\n\n\n<p class=\"block\">Le cycle comporte 8 s\u00e9ances de 2h15, r\u00e9parties sur 8 semaines cons\u00e9cutives. Groupe de minimum 8 personnes (maximum 10).<\/p>\n<\/div>\n\n\n\n<div class=\"wp-block-group is-vertical is-layout-flex wp-container-core-group-is-layout-4 wp-block-group-is-layout-flex\">\n<h5 class=\"wp-block-heading\"><strong><strong>Pr\u00e9-requis<\/strong><\/strong><\/h5>\n\n\n\n<p class=\"block\">Ce cycle est ouvert \u00e0 toute personne ayant un TDA-H. N\u00e9anmoins, ce programme ne convient pas aux personnes actuellement en d\u00e9tresse psychologique aigu\u00eb (troubles bipolaires non stabilis\u00e9s, d\u00e9pression aigu\u00eb, attaques de panique r\u00e9currentes, dissociation, troubles psychotiques). Une prise en charge individuelle peut s\u2019av\u00e9rer bien plus adapt\u00e9e \u00e0 ce type de situations. N\u2019h\u00e9sitez pas \u00e0 me contacter pour en discuter.<\/p>\n<\/div>\n\n\n\n<div class=\"wp-block-group is-vertical is-layout-flex wp-container-core-group-is-layout-5 wp-block-group-is-layout-flex\">\n<h5 class=\"wp-block-heading\"><strong><strong><strong>T\u00e9moignage<\/strong><\/strong><\/strong><\/h5>\n\n\n\n<p class=\"block\"><\/p>\n<\/div>\n\n\n\n<div class=\"wp-block-group is-vertical is-layout-flex wp-container-core-group-is-layout-6 wp-block-group-is-layout-flex\">\n<h5 class=\"wp-block-heading\"><strong><strong><strong><strong><strong><strong>Dates &amp; lieu<\/strong><\/strong><\/strong><\/strong><\/strong><\/strong><\/h5>\n\n\n\n<p><strong>Centre PsyPluriel<\/strong>: 47a Avenue Jacques Pastur 1180 Uccle  <\/p>\n\n\n\n<p>MERCREDIS (19:00-21:15) : <strong>08,15, 22 avril 2026 et 13, 20, 27 mai 2026 et 03, 10 juin 202<\/strong>6<\/p>\n\n\n\n<p><\/p>\n\n\n\n<p><strong><a href=\"https:\/\/www.domaine-ulb.be\/fr\/consultations\/avant-ladmission\/plus-dinfos-gestion-du-stress.html\" data-type=\"link\" data-id=\"https:\/\/www.domaine-ulb.be\/fr\/consultations\/avant-ladmission\/plus-dinfos-gestion-du-stress.html\" target=\"_blank\" rel=\"noreferrer noopener\">Le Domaine ULB<\/a><\/strong><\/p>\n\n\n\n<p> dates \u00e0 venir<\/p>\n<\/div>\n\n\n\n<div class=\"wp-block-group is-vertical is-layout-flex wp-container-core-group-is-layout-7 wp-block-group-is-layout-flex\">\n<h5 class=\"wp-block-heading\"><strong><strong><strong><strong><strong><strong><strong>S\u00e9ance d\u2019information<\/strong><\/strong><\/strong><\/strong><\/strong><\/strong><\/strong><\/h5>\n\n\n\n<p><\/p>\n<\/div>\n\n\n\n<div class=\"wp-block-group is-vertical is-layout-flex wp-container-core-group-is-layout-8 wp-block-group-is-layout-flex\">\n<h5 class=\"wp-block-heading\"><strong><strong><strong>Tarif<\/strong><\/strong><\/strong><\/h5>\n\n\n\n<p>325 \u20ac\u00a0Tarif pour le programme de 8 s\u00e9ances (payable \u00e0 l\u2019inscription).<br><br>Paiement via <strong>virement<\/strong> <strong>bancaire<\/strong><\/p>\n\n\n\n<p>Compte de Val\u00e9rie van Nitsen :<strong> BE63 8919 6129 8908<\/strong><\/p>\n\n\n\n<p>Communication : Nom \u2013 Pr\u00e9nom &#8211; Cycle TDAH pleine conscience &#8211; avril 2026<\/p>\n<\/div>\n\n\n\n<div class=\"wp-block-group is-vertical is-layout-flex wp-container-core-group-is-layout-9 wp-block-group-is-layout-flex\">\n<h6 class=\"wp-block-heading\"><strong><strong><strong>Inscription<\/strong><\/strong><\/strong><\/h6>\n\n\n\n<p>Aupr\u00e8s de <strong>Val\u00e9rie van Nitsen<\/strong> (0476 59 26 48) :&nbsp;<a href=\"mailto:julie.michiels@domain-ulb.be\">valerievn@live.be<\/a><\/p>\n<\/div>\n\n\n\n<div class=\"wp-block-group is-vertical is-layout-flex wp-container-core-group-is-layout-10 wp-block-group-is-layout-flex\">\n<h5 class=\"wp-block-heading\"><strong><strong><strong><strong>Conditions d\u2019annulation<\/strong><\/strong><\/strong><\/strong><\/h5>\n\n\n\n<p>En cas de d\u00e9sistement de votre part, un remboursement partiel est possible jusqu\u2019\u00e0 15 jours avant le d\u00e9but de l\u2019activit\u00e9. Au-del\u00e0 de ce d\u00e9lai, aucun remboursement ne sera possible. Je me r\u00e9serve le droit d\u2019annuler le cycle si le nombre de 8 participants n\u2019est pas atteint. Dans ce cas, je vous pr\u00e9viendrai personnellement et le montant vers\u00e9 vous sera rembours\u00e9.<\/p>\n<\/div>\n\n\n\n<p><\/p>\n","protected":false},"excerpt":{"rendered":"<p>Organisation Le cycle comporte 8 s\u00e9ances de 2h15, r\u00e9parties sur 8 semaines cons\u00e9cutives. Groupe de minimum 8 personnes (maximum 10). Pr\u00e9-requis Ce cycle est ouvert \u00e0 toute personne ayant un TDA-H. N\u00e9anmoins, ce programme ne convient pas aux personnes actuellement en d\u00e9tresse psychologique aigu\u00eb (troubles bipolaires non stabilis\u00e9s, d\u00e9pression aigu\u00eb, attaques de panique r\u00e9currentes, dissociation, [&hellip;]<\/p>\n","protected":false},"author":1,"featured_media":0,"parent":1481,"menu_order":0,"comment_status":"closed","ping_status":"closed","template":"","meta":{"footnotes":""},"class_list":["post-1954","page","type-page","status-publish","hentry"],"_links":{"self":[{"href":"https:\/\/enconscience.com\/index.php\/wp-json\/wp\/v2\/pages\/1954"}],"collection":[{"href":"https:\/\/enconscience.com\/index.php\/wp-json\/wp\/v2\/pages"}],"about":[{"href":"https:\/\/enconscience.com\/index.php\/wp-json\/wp\/v2\/types\/page"}],"author":[{"embeddable":true,"href":"https:\/\/enconscience.com\/index.php\/wp-json\/wp\/v2\/users\/1"}],"replies":[{"embeddable":true,"href":"https:\/\/enconscience.com\/index.php\/wp-json\/wp\/v2\/comments?post=1954"}],"version-history":[{"count":33,"href":"https:\/\/enconscience.com\/index.php\/wp-json\/wp\/v2\/pages\/1954\/revisions"}],"predecessor-version":[{"id":4264,"href":"https:\/\/enconscience.com\/index.php\/wp-json\/wp\/v2\/pages\/1954\/revisions\/4264"}],"up":[{"embeddable":true,"href":"https:\/\/enconscience.com\/index.php\/wp-json\/wp\/v2\/pages\/1481"}],"wp:attachment":[{"href":"https:\/\/enconscience.com\/index.php\/wp-json\/wp\/v2\/media?parent=1954"}],"curies":[{"name":"wp","href":"https:\/\/api.w.org\/{rel}","templated":true}]}}