{"id":1929,"date":"2023-07-26T12:34:45","date_gmt":"2023-07-26T10:34:45","guid":{"rendered":"http:\/\/cxuhngu.cluster027.hosting.ovh.net\/?page_id=1929"},"modified":"2024-03-23T16:35:51","modified_gmt":"2024-03-23T15:35:51","slug":"visite-au-musee","status":"publish","type":"page","link":"https:\/\/enconscience.com\/index.php\/ateliers\/visite-au-musee\/","title":{"rendered":"Visite au mus\u00e9e"},"content":{"rendered":"\n<div class=\"blockart-section blockart-section-ee77fe79 japonContainer ateliers\"><div class=\"blockart-container\"><div class=\"blockart-section-inner\">\n<div class=\"blockart-column blockart-column-1122cfe5\"><div class=\"blockart-column-inner\">\n<svg id=\"uuid-050a45ac-8302-4856-88e4-6419e3a10ad2\" data-name=\"Calque 2\" xmlns=\"http:\/\/www.w3.org\/2000\/svg\" viewBox=\"0 0 230.23 229.52\">\n  <defs>\n    <style>\n      .uuid-f75f32d7-00b0-4dd1-8624-be610fb47ec7 {\n        fill: #fff;\n      }\n\n      .uuid-eb28f99d-5fb3-470a-b425-eeb6ec1b4cea {\n        fill: #fcb203;\n      }\n    <\/style>\n  <\/defs>\n  <g id=\"uuid-3980076b-0bf4-4338-af9b-ffc430d739eb\" data-name=\"Calque 1\">\n    <polygon class=\"uuid-f75f32d7-00b0-4dd1-8624-be610fb47ec7\" points=\"0 1.33 0 223.77 230.23 223.77 230.23 1.33 0 1.33 0 1.33\"\/>\n    <polygon class=\"uuid-eb28f99d-5fb3-470a-b425-eeb6ec1b4cea\" points=\"0 223.77 0 229.52 230.23 229.52 230.23 223.77 0 223.77 0 223.77\"\/>\n    <path class=\"uuid-eb28f99d-5fb3-470a-b425-eeb6ec1b4cea\" d=\"m78.3,201c35.07,0,63.5-28.43,63.5-63.5s-28.43-63.5-63.5-63.5-63.5,28.43-63.5,63.5,28.43,63.5,63.5,63.5h0Z\"\/>\n    <path d=\"m201.02,129.7l17.06,6.37v-4.59l-11.03-3.86,11.03-3.86v-4.78l-17.06,6.36v4.36h0Zm17.06,13.15v-4.47h-17.06v4.47h17.06Zm-12.01,2.45c-3.36.61-5.34,3.39-5.34,7.48,0,3.72,2,6.67,5.5,6.67,2.64,0,4.22-1.61,4.92-4.53l.78-3.33c.2-.89.61-1.42,1.36-1.42.94,0,1.5.86,1.5,2.14,0,1.47-.72,2.25-1.67,2.61v4.36c2.95-.47,5.22-2.84,5.22-7,0-3.78-2.2-6.56-5.53-6.56-2.89,0-4.2,1.89-4.75,4.39l-.7,3.28c-.25,1.08-.61,1.61-1.42,1.61-1.06,0-1.64-.94-1.64-2.31s.58-2.39,1.75-2.75v-4.64h0Zm12.01,21.37v-4.47h-17.06v4.47h17.06Zm-3.84,2.67v5.25h-13.23v4.48h13.23v5.28h3.84v-15.01h-3.84Zm3.84,17.68h-17.06v12.2h3.86v-7.81h2.95v7.14h3.75v-7.14h2.67v7.81h3.84v-12.2h0Z\"\/>\n    <path d=\"m184.74,79.29l-17.07-6.5v4.42l3.31,1.19v6.2l-3.31,1.22v4.53l17.07-6.5v-4.56h0Zm-5.28,2.22l-4.81,1.75v-3.5l4.81,1.75h0Zm-12.06,17.68c0,4.5,2.56,7.42,7.23,7.42h10.12v-4.45h-9.7c-2.42,0-3.67-1.14-3.67-2.97s1.25-3,3.67-3h9.7v-4.45h-10.09c-4.7,0-7.25,2.95-7.25,7.45h0Zm.28,27.63l10.15,3.53h-10.15v4.2h17.07v-5.42l-10.62-3.72,10.62-3.75v-5.45h-17.07v4.17h10.15l-10.15,3.56v2.89h0Zm-.28,18.37c0,4.5,2.56,7.42,7.23,7.42h10.12v-4.45h-9.7c-2.42,0-3.67-1.14-3.67-2.97s1.25-3,3.67-3h9.7v-4.45h-10.09c-4.7,0-7.25,2.95-7.25,7.45h0Zm5.34,9.67c-3.36.61-5.34,3.39-5.34,7.48,0,3.72,2,6.67,5.5,6.67,2.64,0,4.23-1.61,4.92-4.53l.78-3.34c.2-.89.61-1.42,1.36-1.42.95,0,1.5.86,1.5,2.14,0,1.47-.72,2.25-1.67,2.61v4.36c2.95-.47,5.22-2.84,5.22-7,0-3.78-2.2-6.56-5.53-6.56-2.89,0-4.2,1.89-4.75,4.39l-.69,3.28c-.25,1.08-.61,1.61-1.42,1.61-1.06,0-1.64-.95-1.64-2.31s.58-2.39,1.75-2.75v-4.64h0Zm13.45,25.18l3.61,2.47v-4.48l-3.61-2.28v4.28h0Zm-1.45-8.28h-17.07v12.2h3.86v-7.81h2.95v7.14h3.75v-7.14h2.67v7.81h3.83v-12.2h0Zm0,15.26h-17.07v12.2h3.86v-7.81h2.95v7.14h3.75v-7.14h2.67v7.81h3.83v-12.2h0Z\"\/>\n    <polygon class=\"uuid-eb28f99d-5fb3-470a-b425-eeb6ec1b4cea\" points=\"0 0 0 5.76 230.23 5.76 230.23 0 0 0 0 0\"\/>\n  <\/g>\n<\/svg>\n<\/div><\/div>\n\n\n\n<div class=\"blockart-column blockart-column-3b1364c1\"><div class=\"blockart-column-inner\">\n<div class=\"wp-block-group second japon1 is-content-justification-left is-layout-constrained wp-container-core-group-is-layout-2 wp-block-group-is-layout-constrained\">\n<h1 class=\"wp-block-heading\"><strong><strong>Une visite au mus\u00e9e\u2026 en conscience&nbsp;!&nbsp;<\/strong><\/strong><\/h1>\n\n\n\n<blockquote class=\"wp-block-quote is-layout-flow wp-block-quote-is-layout-flow\">\n<p><em>Regarder l\u2019art autrement, pour mieux se voir soi.<\/em><\/p>\n<\/blockquote>\n\n\n\n<div class=\"wp-block-group is-layout-constrained wp-block-group-is-layout-constrained\">\n<p><sub>A<\/sub>u coeur d\u2019un espace mus\u00e9al, ces s\u00e9ances convient le public \u00e0 la visite d\u2019une exposition en pleine conscience. Ce voyage sensoriel propose de vous ouvrir \u00e0 une autre fa\u00e7on de vous relier aux \u0153uvres d\u2019art. Face \u00e0 une oeuvre qui, a priori, interpelle, interroge ou d\u00e9range, ces parcours en pleine conscience vous aideront \u00e0 d\u00e9placer l\u2019attention de ce qui se pr\u00e9sente \u00ab&nbsp;\u00e0&nbsp;\u00bb vous vers ce qui se trouve \u00ab&nbsp;en&nbsp;\u00bb vous. Ces visites vous permettront d\u2019exp\u00e9rimenter les liens qui existent entre art et m\u00e9ditation.&nbsp;<\/p>\n<\/div>\n<\/div>\n<\/div><\/div>\n<\/div><\/div><\/div>\n\n\n\n<p><\/p>\n\n\n\n<div class=\"wp-block-group is-vertical is-layout-flex wp-container-core-group-is-layout-3 wp-block-group-is-layout-flex\">\n<h5 class=\"wp-block-heading\"><strong>Organisation<\/strong><\/h5>\n\n\n\n<p class=\"block\">Ces visites s\u2019organisent sur mesure. Les plages horaires peuvent varier d\u2019une \u00e0 deux heures et sont d\u00e9termin\u00e9es en fonction de la demande de l\u2019espace d\u2019exposition.<\/p>\n<\/div>\n\n\n\n<div class=\"wp-block-group is-vertical is-layout-flex wp-container-core-group-is-layout-4 wp-block-group-is-layout-flex\">\n<h5 class=\"wp-block-heading\"><strong><strong>Infos pratiques<\/strong><\/strong><\/h5>\n\n\n\n<p class=\"block\">Val\u00e9rie van Nitsen&nbsp;\/ 0476 592&nbsp;648&nbsp; \/ <a href=\"mailto:valerievn@live.be\">valerievn@live.be<\/a><\/p>\n<\/div>\n","protected":false},"excerpt":{"rendered":"<p>Organisation Ces visites s\u2019organisent sur mesure. Les plages horaires peuvent varier d\u2019une \u00e0 deux heures et sont d\u00e9termin\u00e9es en fonction de la demande de l\u2019espace d\u2019exposition. Infos pratiques Val\u00e9rie van Nitsen&nbsp;\/ 0476 592&nbsp;648&nbsp; \/ valerievn@live.be<\/p>\n","protected":false},"author":1,"featured_media":0,"parent":2852,"menu_order":4,"comment_status":"closed","ping_status":"closed","template":"","meta":{"footnotes":""},"class_list":["post-1929","page","type-page","status-publish","hentry"],"_links":{"self":[{"href":"https:\/\/enconscience.com\/index.php\/wp-json\/wp\/v2\/pages\/1929"}],"collection":[{"href":"https:\/\/enconscience.com\/index.php\/wp-json\/wp\/v2\/pages"}],"about":[{"href":"https:\/\/enconscience.com\/index.php\/wp-json\/wp\/v2\/types\/page"}],"author":[{"embeddable":true,"href":"https:\/\/enconscience.com\/index.php\/wp-json\/wp\/v2\/users\/1"}],"replies":[{"embeddable":true,"href":"https:\/\/enconscience.com\/index.php\/wp-json\/wp\/v2\/comments?post=1929"}],"version-history":[{"count":11,"href":"https:\/\/enconscience.com\/index.php\/wp-json\/wp\/v2\/pages\/1929\/revisions"}],"predecessor-version":[{"id":3778,"href":"https:\/\/enconscience.com\/index.php\/wp-json\/wp\/v2\/pages\/1929\/revisions\/3778"}],"up":[{"embeddable":true,"href":"https:\/\/enconscience.com\/index.php\/wp-json\/wp\/v2\/pages\/2852"}],"wp:attachment":[{"href":"https:\/\/enconscience.com\/index.php\/wp-json\/wp\/v2\/media?parent=1929"}],"curies":[{"name":"wp","href":"https:\/\/api.w.org\/{rel}","templated":true}]}}