{"id":1917,"date":"2023-07-26T12:33:49","date_gmt":"2023-07-26T10:33:49","guid":{"rendered":"http:\/\/cxuhngu.cluster027.hosting.ovh.net\/?page_id=1917"},"modified":"2024-05-21T13:27:39","modified_gmt":"2024-05-21T11:27:39","slug":"journee","status":"publish","type":"page","link":"https:\/\/enconscience.com\/index.php\/ateliers\/journee\/","title":{"rendered":"Journ\u00e9e"},"content":{"rendered":"\n<div class=\"blockart-section blockart-section-ee77fe79 japonContainer ateliers\"><div class=\"blockart-container\"><div class=\"blockart-section-inner\">\n<div class=\"blockart-column blockart-column-1122cfe5\"><div class=\"blockart-column-inner\">\n<a href=\"index.php\/ateliers\/journee\/\" class=\"big_parent atelier_bleu\"><svg id=\"uuid-d01d38ea-5210-424e-bdba-a0945f9dc9fe\" data-name=\"Calque 2\" xmlns=\"http:\/\/www.w3.org\/2000\/svg\" viewBox=\"0 0 230.23 229.52\">\n  <defs>\n    <style>\n      .uuid-b14391e4-def7-4404-9320-e291f1a47887 {\n        fill: #2a52a5;\n      }\n    <\/style>\n  <\/defs>\n<a href=\"index.php\/ateliers\/journee\/\" class=\"big_parent\">\n  <g id=\"uuid-74ba686c-37a9-4a2a-905d-86801f9049bb\" data-name=\"Calque 1\">\n    <polygon class=\"uuid-b14391e4-def7-4404-9320-e291f1a47887\" points=\"0 223.77 0 229.52 230.23 229.52 230.23 223.77 0 223.77 0 223.77\"\/>\n    <polygon class=\"uuid-b14391e4-def7-4404-9320-e291f1a47887\" points=\"16.09 73.03 16.09 200.98 144.05 200.98 16.09 73.03 16.09 73.03\"\/>\n    <path d=\"m202.62,84.97c-3.72.17-6.31,2.61-6.31,6.78,0,3.89,2.11,6.75,6.84,6.75h10.51v-4.48h-10.48c-1.89,0-2.86-.67-2.86-2.31,0-1.36.83-2.14,2.31-2.22v-4.53h0Zm2.5,32.74c5.11,0,8.81-3.42,8.81-8.37s-3.7-8.31-8.81-8.31-8.81,3.39-8.81,8.31,3.72,8.37,8.81,8.37h0Zm0-4.5c-2.95,0-4.89-1.56-4.89-3.86s1.94-3.81,4.89-3.81,4.89,1.5,4.89,3.81-1.95,3.86-4.89,3.86h0Zm-8.81,14.45c0,4.5,2.56,7.42,7.23,7.42h10.12v-4.45h-9.7c-2.42,0-3.67-1.14-3.67-2.97s1.25-3,3.67-3h9.7v-4.45h-10.09c-4.7,0-7.25,2.95-7.25,7.45h0Zm5.92,16.59l-5.64,3.56v4.95l6.11-4c.78,2.09,2.56,3.39,5.14,3.39,3.72,0,5.81-2.53,5.81-6.2v-7.67h-17.06v4.42h5.64v1.56h0Zm7.67-1.56v2.78c0,1.58-.81,2.31-2.06,2.31s-2.06-.72-2.06-2.31v-2.78h4.11Zm3.75,27.43v-4.31h-9.39l9.39-6.59v-4.17h-17.06v4.31h9.98l-9.98,7.14v3.61h17.06Zm1.45,11.67l3.61,2.47v-4.48l-3.61-2.28v4.28h0Zm-1.45-8.28h-17.06v12.2h3.86v-7.81h2.95v7.14h3.75v-7.14h2.67v7.81h3.84v-12.2h0Zm0,15.26h-17.06v12.2h3.86v-7.81h2.95v7.14h3.75v-7.14h2.67v7.81h3.84v-12.2h0Z\"\/>\n    <polygon class=\"uuid-b14391e4-def7-4404-9320-e291f1a47887\" points=\"0 0 0 5.76 230.23 5.76 230.23 0 0 0 0 0\"\/>\n  <\/g>\n<\/a>\n<\/svg>\n<\/a>\n<\/div><\/div>\n\n\n\n<div class=\"blockart-column blockart-column-3b1364c1\"><div class=\"blockart-column-inner\">\n<div class=\"wp-block-group second japon1 is-content-justification-left is-layout-constrained wp-container-core-group-is-layout-2 wp-block-group-is-layout-constrained\">\n<h1 class=\"wp-block-heading\"><strong><strong>Journ\u00e9e ou demi-journ\u00e9e m\u00e9ditative&nbsp;<\/strong><\/strong><\/h1>\n\n\n\n<blockquote class=\"wp-block-quote is-layout-flow wp-block-quote-is-layout-flow\">\n<p><em>M\u00e9ditation, exercices corporels, marche en conscience, temps de silence, brefs apports th\u00e9oriques et moments de partage.<\/em><\/p>\n<\/blockquote>\n\n\n\n<div class=\"wp-block-group is-layout-constrained wp-block-group-is-layout-constrained\">\n<p>Ces journ\u00e9es vous donneront l\u2019occasion d\u2019explorer une th\u00e9matique particuli\u00e8re \u00e0 travers diff\u00e9rents exercices. En fonction du th\u00e8me, elles sont destin\u00e9es \u00e0 des personnes novices ou \u00e0 des personnes ayant une pratique m\u00e9ditative bien ancr\u00e9e. En pratiquant ensemble, nous cultiverons peu \u00e0 peu un environnement propice au d\u00e9ploiement de chacun et du collectif.<\/p>\n<\/div>\n<\/div>\n<\/div><\/div>\n<\/div><\/div><\/div>\n\n\n\n<p><\/p>\n\n\n\n<div class=\"wp-block-group is-vertical is-layout-flex wp-container-core-group-is-layout-3 wp-block-group-is-layout-flex\">\n<p><\/p>\n\n\n\n<h5 class=\"wp-block-heading\"><strong><strong>Atelier d\u2019une journ\u00e9e : <\/strong>Cultiver ses ressources int\u00e9rieures<\/strong><\/h5>\n\n\n\n<p>Aristote : \u00ab\u202fRien n\u2019arrive \u00e0 l\u2019intelligence qui ne passe par les sens\u202f\u00bb.<\/p>\n\n\n\n<p>Offrez-vous les moyens de renforcer votre s\u00e9curit\u00e9 int\u00e9rieure, de d\u00e9ployer vos ressources et de vivre la vie que vous choisissez\u202f! Par diff\u00e9rents exercices pratiques, vous d\u00e9couvrirez et exp\u00e9rimenterez des strat\u00e9gies nouvelles pour r\u00e9pondre aux situations de stress et d\u2019ins\u00e9curit\u00e9\u2026.\u202f\u202fVous apprendrez \u00e0 d\u00e9sactiver vos peurs qui bien souvent vous emp\u00eachent de raisonner avec lucidit\u00e9 et d\u2019activer un syst\u00e8me d\u2019apaisement. Vous allez cr\u00e9er votre boite \u00e0 ressources pour vous s\u00e9curiser. Plut\u00f4t que de survaloriser le mental, vous augmenterez votre capacit\u00e9 \u00e0 vivre les \u00e9v\u00e8nements en \u00e9tant ancr\u00e9 dans votre ressenti corporel et \u00e9motionnel et vos perceptions intuitives. A partir d\u2019une position de s\u00e9curit\u00e9, vous pourrez vous mettre \u00e0 l\u2019\u00e9coute de chaque \u00e9l\u00e9ment distinct de votre exp\u00e9rience. Vous pourrez reconna\u00eetre vos blocages et vos limites et plut\u00f4t que de rester fig\u00e9 dans de vieux sch\u00e9mas, vous pourrez \u00e9largir vos capacit\u00e9s de choix et d\u2019actions.&nbsp;L\u2019objectif de cette journ\u00e9e est d\u2019\u00eatre plus conscients, plus souvent et d\u2019apprendre \u00e0 muscler votre capacit\u00e9 \u00e0 r\u00e9pondre diff\u00e9remment \u00e0 vos moments de d\u00e9tresse. Vous allez installer de nouvelles habitudes pour ne pas rester coinc\u00e9 dans un \u00e9tat d\u2019ins\u00e9curit\u00e9. Vous allez pouvoir changer facilement d\u2019\u00e9tat, maintenir un \u00e9tat d\u2019apaisement et \u00eatre capable de vous auto-r\u00e9guler \/ vous auto-apaiser. Une journ\u00e9e pleine de surprises, de d\u00e9couvertes et de d\u00e9passements&nbsp;<\/p>\n\n\n\n<p><span style=\"text-decoration: underline;\"><strong>Infos pratiques<\/strong><\/span><\/p>\n\n\n\n<p><strong>&gt; Dates &amp; lieu&nbsp;<\/strong><br>Dimanche &#8211; ao\u00fbt 2024 (10.00-16.30)<br>Aux jardins d\u2019Emergences&nbsp;: 54 Rue des Cultivateurs, 1040 Etterbeek<\/p>\n\n\n\n<p><strong>&gt; Pr\u00e9-requis&nbsp;<\/strong><br>Cette journ\u00e9e est ouverte \u00e0 toute personne ayant une pratique m\u00e9ditative.<\/p>\n\n\n\n<p><strong>&gt; Inscription<\/strong><br>Tarif&nbsp;: 95\u20ac<br>Infos et inscription&nbsp;: Emergences&nbsp;<a href=\"https:\/\/www.emergences.org\/agenda-activites\/ateliers\">ici.<\/a><br><\/p>\n<\/div>\n\n\n\n<div class=\"wp-block-group is-vertical is-layout-flex wp-container-core-group-is-layout-4 wp-block-group-is-layout-flex\">\n<h5 class=\"wp-block-heading\"><strong><strong>Atelier d\u2019une journ\u00e9e : Carpe Diem&nbsp;<\/strong><\/strong><\/h5>\n\n\n\n<p>\u00ab\u202fCueille le jour pr\u00e9sent (sans te soucier du lendemain) \u00bb Le po\u00e8te Horace a su condenser dans cette maxime ce principe : profiter de la vie tant que c\u2019est possible&nbsp;!\u202fCette journ\u00e9e nous permettra de mobiliser notre corps, notre esprit et notre c\u0153ur pour vivre pleinement l\u2019exp\u00e9rience de l\u2019instant. Avec un peu d\u2019attention, nous allons am\u00e9liorer la conscience que nous avons de nous-m\u00eames et rep\u00e9rer les bonnes exp\u00e9riences de notre vie afin de les laisser p\u00e9n\u00e9trer en nous. Au fil de la journ\u00e9e, nous chercherons les occasions de cultiver notre bonheur. Nous explorerons notre capacit\u00e9 \u00e0 rester ouvert\u00b7es, centr\u00e9\u00b7es, \u00e0 nous ancrer\u202fet \u00e0 nous apaiser. Nous ferons taire les voix critiques qui assaillent notre cerveau et nous travaillerons\u202f plut\u00f4t \u00e0 instaurer\u202fde la compassion pour nous-m\u00eames.<br>Nous d\u00e9velopperons nos forces int\u00e9rieures et nous nous laisserons nous en impr\u00e9gner.\u202f<br>Une journ\u00e9e lib\u00e9ratrice qui m\u00ealera pratiques, courts apports th\u00e9oriques ainsi qu\u2019\u00e9changes en groupe et en duo. Vous en ressortirez ressourc\u00e9\u00b7es et le c\u0153ur l\u00e9ger\u202f!\u202f&nbsp;<\/p>\n\n\n\n<p><strong>Infos pratiques<\/strong><\/p>\n\n\n\n<p><strong>&gt; Dates &amp; lieu<\/strong><strong>&nbsp;<\/strong><\/p>\n\n\n\n<p>Dimanche &#8211; juillet 2024 (10.00-16.30)<br>Aux jardins d\u2019Emergences&nbsp;: 54 Rue des Cultivateurs, 1040 Etterbeek<\/p>\n\n\n\n<p><strong>&gt; Pr\u00e9-requis&nbsp;<\/strong><br>Cette journ\u00e9e est ouverte \u00e0 toute personne ayant une pratique m\u00e9ditative.<\/p>\n\n\n\n<p><strong>&gt; T\u00e9moignage<\/strong><\/p>\n\n\n\n<p><em>\u00ab&nbsp;Tr\u00e8s belle journ\u00e9e de pratique et de partages.Val\u00e9rie, toujours tr\u00e8s inspirante, nous a partag\u00e9 quelques cl\u00e9s-exercices pour mettre un peu plus de douceur dans notre vie. C&#8217;\u00e9tait bien&nbsp;!&nbsp;\u00bb.<\/em> Johanna<\/p>\n\n\n\n<p><strong>&gt; Inscription<\/strong><\/p>\n\n\n\n<p>Tarif&nbsp;: 95\u20ac <br>Infos et inscription&nbsp;: Emergences&nbsp;<a href=\"https:\/\/www.emergences.org\/events\/mindfulness-ozan-septembre-amercredi-octobre\">ici.<\/a><br><\/p>\n<\/div>\n","protected":false},"excerpt":{"rendered":"<p>Atelier d\u2019une journ\u00e9e : Cultiver ses ressources int\u00e9rieures Aristote : \u00ab\u202fRien n\u2019arrive \u00e0 l\u2019intelligence qui ne passe par les sens\u202f\u00bb. Offrez-vous les moyens de renforcer votre s\u00e9curit\u00e9 int\u00e9rieure, de d\u00e9ployer vos ressources et de vivre la vie que vous choisissez\u202f! Par diff\u00e9rents exercices pratiques, vous d\u00e9couvrirez et exp\u00e9rimenterez des strat\u00e9gies nouvelles pour r\u00e9pondre aux situations [&hellip;]<\/p>\n","protected":false},"author":1,"featured_media":0,"parent":2852,"menu_order":1,"comment_status":"closed","ping_status":"closed","template":"","meta":{"footnotes":""},"class_list":["post-1917","page","type-page","status-publish","hentry"],"_links":{"self":[{"href":"https:\/\/enconscience.com\/index.php\/wp-json\/wp\/v2\/pages\/1917"}],"collection":[{"href":"https:\/\/enconscience.com\/index.php\/wp-json\/wp\/v2\/pages"}],"about":[{"href":"https:\/\/enconscience.com\/index.php\/wp-json\/wp\/v2\/types\/page"}],"author":[{"embeddable":true,"href":"https:\/\/enconscience.com\/index.php\/wp-json\/wp\/v2\/users\/1"}],"replies":[{"embeddable":true,"href":"https:\/\/enconscience.com\/index.php\/wp-json\/wp\/v2\/comments?post=1917"}],"version-history":[{"count":31,"href":"https:\/\/enconscience.com\/index.php\/wp-json\/wp\/v2\/pages\/1917\/revisions"}],"predecessor-version":[{"id":3928,"href":"https:\/\/enconscience.com\/index.php\/wp-json\/wp\/v2\/pages\/1917\/revisions\/3928"}],"up":[{"embeddable":true,"href":"https:\/\/enconscience.com\/index.php\/wp-json\/wp\/v2\/pages\/2852"}],"wp:attachment":[{"href":"https:\/\/enconscience.com\/index.php\/wp-json\/wp\/v2\/media?parent=1917"}],"curies":[{"name":"wp","href":"https:\/\/api.w.org\/{rel}","templated":true}]}}