{"id":1899,"date":"2023-07-26T12:10:30","date_gmt":"2023-07-26T10:10:30","guid":{"rendered":"http:\/\/cxuhngu.cluster027.hosting.ovh.net\/?page_id=1899"},"modified":"2024-12-16T16:47:13","modified_gmt":"2024-12-16T15:47:13","slug":"somatic-de-base","status":"publish","type":"page","link":"https:\/\/enconscience.com\/index.php\/seances-collectives\/experience-somatique\/somatic-de-base\/","title":{"rendered":"Cycle d&#8217;initiation"},"content":{"rendered":"\n<div class=\"blockart-section blockart-section-ee77fe79 japonContainer\"><div class=\"blockart-container\"><div class=\"blockart-section-inner\">\n<div class=\"blockart-column blockart-column-1122cfe5\"><div class=\"blockart-column-inner\">\n<div class=\"orange cyclesStatic somatique\">\n      <div class=\"circle\"><\/div> <!-- Cercle centr\u00e9 avec diam\u00e8tre de 75% -->\n      <div class=\"gros_titre\"><a href=\"index.php\/seances-collectives\/experience-somatique\/\">Exp\u00e9rience somatique<\/a><\/div> <!-- Texte pivot\u00e9 avec classe \"gros_titre\" -->\n    \n      <!-- Div contenant les trois liens -->\n      <div class=\"links-container\">\n        <!-- Premier lien -->\n        <a href=\"index.php\/seances-collectives\/experience-somatique\/somatic-de-base\/\" class=\"link selected\">\u2022 INITIATION<\/a>\n        <!-- Deuxi\u00e8me lien -->\n        <!-- <a href=\"index.php\/seances-collectives\/index.php\/seances-collectives\/cycles-de-pleine-conscience\/cycle-de-pleine-conscience-dapprofondissement\/\" class=\"link\">\u2022 APPROFONDISSEMENT<\/a> -->\n        <!-- Troisi\u00e8me lien -->\n        <!-- <a href=\"index.php\/seances-collectives\/index.php\/seances-collectives\/cycles-de-pleine-conscience\/cycles-de-pleine-conscience-specifique\/\" class=\"link\">\u2022 CYCLE SP\u00c9CIFIQUE<\/a> -->\n      <\/div>\n    <\/div>\n<\/div><\/div>\n\n\n\n<div class=\"blockart-column blockart-column-3b1364c1\"><div class=\"blockart-column-inner\">\n<div class=\"wp-block-group second japon1 is-content-justification-left is-layout-constrained wp-container-core-group-is-layout-2 wp-block-group-is-layout-constrained\">\n<p class=\"what\"><strong><strong>Cycle d\u2019initiation&nbsp;<\/strong><\/strong><\/p>\n\n\n\n<h1 class=\"wp-block-heading\"><strong>Cultivez vos ressources, stimulez votre nerf vague!<\/strong><\/h1>\n\n\n\n<blockquote class=\"wp-block-quote is-layout-flow wp-block-quote-is-layout-flow\">\n<p><\/p>\n\n\n\n<p><em>Dans votre syst\u00e8me nerveux, le nerf vague joue un r\u00f4le cl\u00e9 dans la r\u00e9gulation de nombreux processus vitaux (digestion,  respiration, rythme cardiaque&#8230;). Sa stimulation peut \u00e9galement avoir un impact puissant sur votre r\u00e9gulation \u00e9motionnelle, favorisant le calme int\u00e9rieur.<\/em><\/p>\n<\/blockquote>\n\n\n\n<div class=\"wp-block-group is-layout-constrained wp-block-group-is-layout-constrained\">\n<p><sub>A<\/sub>u cours de ce programme vous apprendrez \u00e0 r\u00e9guler votre syst\u00e8me nerveux et \u00e0 renforcer votre s\u00e9curit\u00e9 int\u00e9rieure. Il s\u2019agit d\u2019une approche pratique pour aider \u00e0 r\u00e9pondre au stress. Plut\u00f4t que de survaloriser le mental, vous augmenterez votre capacit\u00e9 \u00e0 vivre les \u00e9v\u00e9nements en \u00e9tant ancr\u00e9 dans votre ressenti corporel et \u00e9motionnel. A partir d\u2019une position de s\u00e9curit\u00e9, vous pourrez vous mettre \u00e0 l\u2019\u00e9coute de vous-m\u00eame. Vous saurez reconna\u00eetre vos blocages et vos limites, abandonner vos vieux sch\u00e9mas et \u00e9largir vos capacit\u00e9s de choix et d\u2019actions, en \u00e9tant plus l\u00e9ger, tout simplement plus vous-m\u00eame!<\/p>\n\n\n\n<p>Un cycle plein de surprises, de d\u00e9couvertes et de d\u00e9passements&#8230;<\/p>\n\n\n\n<p><\/p>\n<\/div>\n<\/div>\n<\/div><\/div>\n<\/div><\/div><\/div>\n\n\n\n<div class=\"wp-block-group is-vertical is-layout-flex wp-container-core-group-is-layout-3 wp-block-group-is-layout-flex\">\n<h5 class=\"wp-block-heading\"><strong>Dates &amp; lieu<\/strong><\/h5>\n\n\n\n<p><strong>BLUE HEALTH<\/strong> (Cabinet du Docteur Ysebrant, avenue Hamoir 12, 1180 Uccle)<br>Cycle cultivez vos ressources, stimulez votre nerf vague!<\/p>\n<\/div>\n\n\n\n<div class=\"wp-block-group is-vertical is-layout-flex wp-container-core-group-is-layout-4 wp-block-group-is-layout-flex\">\n<h5 class=\"wp-block-heading\"><strong><strong>S\u00e9ance d\u2019information<\/strong>&nbsp;<\/strong><\/h5>\n\n\n\n<p><\/p>\n<\/div>\n\n\n\n<div class=\"wp-block-group is-vertical is-layout-flex wp-container-core-group-is-layout-5 wp-block-group-is-layout-flex\">\n<h5 class=\"wp-block-heading\"><strong><strong><strong>Tarif<\/strong><\/strong><\/strong><\/h5>\n\n\n\n<p><\/p>\n<\/div>\n\n\n\n<div class=\"wp-block-group is-vertical is-layout-flex wp-container-core-group-is-layout-6 wp-block-group-is-layout-flex\">\n<h5 class=\"wp-block-heading\"><strong><strong><strong><strong>Inscription<\/strong><\/strong><\/strong><\/strong><\/h5>\n\n\n\n<p>Val\u00e9rie van Nitsen&nbsp;: <a href=\"mailto:valerievn@live.be\">valerievn@live.be<\/a><\/p>\n<\/div>\n\n\n\n<div class=\"wp-block-group is-vertical is-layout-flex wp-container-core-group-is-layout-7 wp-block-group-is-layout-flex\">\n<h5 class=\"wp-block-heading\"><strong><strong><strong><strong><strong>Conditions d\u2019annulation<\/strong><\/strong><\/strong><\/strong><\/strong><\/h5>\n\n\n\n<p><\/p>\n<\/div>\n","protected":false},"excerpt":{"rendered":"<p>Dates &amp; lieu BLUE HEALTH (Cabinet du Docteur Ysebrant, avenue Hamoir 12, 1180 Uccle)Cycle cultivez vos ressources, stimulez votre nerf vague! S\u00e9ance d\u2019information&nbsp; Tarif Inscription Val\u00e9rie van Nitsen&nbsp;: valerievn@live.be Conditions d\u2019annulation<\/p>\n","protected":false},"author":1,"featured_media":0,"parent":3802,"menu_order":0,"comment_status":"closed","ping_status":"closed","template":"","meta":{"footnotes":""},"class_list":["post-1899","page","type-page","status-publish","hentry"],"_links":{"self":[{"href":"https:\/\/enconscience.com\/index.php\/wp-json\/wp\/v2\/pages\/1899"}],"collection":[{"href":"https:\/\/enconscience.com\/index.php\/wp-json\/wp\/v2\/pages"}],"about":[{"href":"https:\/\/enconscience.com\/index.php\/wp-json\/wp\/v2\/types\/page"}],"author":[{"embeddable":true,"href":"https:\/\/enconscience.com\/index.php\/wp-json\/wp\/v2\/users\/1"}],"replies":[{"embeddable":true,"href":"https:\/\/enconscience.com\/index.php\/wp-json\/wp\/v2\/comments?post=1899"}],"version-history":[{"count":59,"href":"https:\/\/enconscience.com\/index.php\/wp-json\/wp\/v2\/pages\/1899\/revisions"}],"predecessor-version":[{"id":4165,"href":"https:\/\/enconscience.com\/index.php\/wp-json\/wp\/v2\/pages\/1899\/revisions\/4165"}],"up":[{"embeddable":true,"href":"https:\/\/enconscience.com\/index.php\/wp-json\/wp\/v2\/pages\/3802"}],"wp:attachment":[{"href":"https:\/\/enconscience.com\/index.php\/wp-json\/wp\/v2\/media?parent=1899"}],"curies":[{"name":"wp","href":"https:\/\/api.w.org\/{rel}","templated":true}]}}