{"id":1460,"date":"2023-06-01T01:27:10","date_gmt":"2023-05-31T23:27:10","guid":{"rendered":"http:\/\/cxuhngu.cluster027.hosting.ovh.net\/?page_id=1460"},"modified":"2024-09-02T17:42:04","modified_gmt":"2024-09-02T15:42:04","slug":"cycle-de-base-mbsr","status":"publish","type":"page","link":"https:\/\/enconscience.com\/index.php\/seances-collectives\/cycles-de-pleine-conscience\/cycle-de-base-mbsr\/","title":{"rendered":"Cycle de base MBSR"},"content":{"rendered":"\n<div class=\"blockart-section blockart-section-ee77fe79 japonContainer\"><div class=\"blockart-container\"><div class=\"blockart-section-inner\">\n<div class=\"blockart-column blockart-column-1122cfe5\"><div class=\"blockart-column-inner\">\n<div class=\"yellow cyclesStatic pc\">\n      <div class=\"circle\"><\/div> <!-- Cercle centr\u00e9 avec diam\u00e8tre de 75% -->\n      <div class=\"gros_titre\"><a href=\"index.php\/seances-collectives\/cycles-de-pleine-conscience\/\">Pleine conscience<\/a><\/div> <!-- Texte pivot\u00e9 avec classe \"gros_titre\" -->\n    \n      <!-- Div contenant les trois liens -->\n      <div class=\"links-container\">\n        <!-- Premier lien -->\n        <a href=\"index.php\/seances-collectives\/index.php\/seances-collectives\/cycles-de-pleine-conscience\/cycle-de-base-mbsr\/\" class=\"link selected\">\u2022 INITIATION<\/a>\n        <!-- Deuxi\u00e8me lien -->\n        <a href=\"index.php\/seances-collectives\/index.php\/seances-collectives\/cycles-de-pleine-conscience\/cycle-de-pleine-conscience-dapprofondissement\/\" class=\"link\">\u2022 APPROFONDISSEMENT<\/a>\n        <!-- Troisi\u00e8me lien -->\n        <a href=\"index.php\/seances-collectives\/index.php\/seances-collectives\/cycles-de-pleine-conscience\/cycles-de-pleine-conscience-specifique\/\" class=\"link\">\u2022 CYCLE SP\u00c9CIFIQUE<\/a>\n      <\/div>\n    <\/div>\n<\/div><\/div>\n\n\n\n<div class=\"blockart-column blockart-column-3b1364c1\"><div class=\"blockart-column-inner\">\n<div class=\"wp-block-group second japon1 is-content-justification-left is-layout-constrained wp-container-core-group-is-layout-2 wp-block-group-is-layout-constrained\">\n<p class=\"what\"><strong>Initiation<\/strong><\/p>\n\n\n\n<h1 class=\"wp-block-heading\"><strong><strong><strong>Gestion du stress par la pleine conscience <\/strong><\/strong><\/strong><\/h1>\n\n\n\n<blockquote class=\"wp-block-quote is-layout-flow wp-block-quote-is-layout-flow\">\n<p><em>La pleine conscience signifie\u2026<\/em><br><em>porter son attention de fa\u00e7on intentionnelle, au moment pr\u00e9sent, sans jugement.<\/em><\/p>\n<\/blockquote>\n\n\n\n<div class=\"wp-block-group is-layout-constrained wp-block-group-is-layout-constrained\">\n<p><sub>L<\/sub>e cycle de base MBSR (Mindfulness based stress reduction) est sp\u00e9cifiquement con\u00e7u pour d\u00e9couvrir la pratique de la pleine conscience. Il permettra de vous familiariser avec diff\u00e9rents outils et techniques qui vous aideront \u00e0 am\u00e9liorer la conscience que vous avez de vous-m\u00eame, \u00e0 minimiser votre stress et \u00e0 mieux interagir avec les autres. \u00c0 travers l\u2019exploration de votre ressenti corporel et \u00e9motionnel, vous pourrez faire la clart\u00e9 sur ce qui se passe en vous. Vous apprendrez \u00e0 modifier votre regard sur ce que vous vivez pour y r\u00e9pondre avec plus de libert\u00e9, d\u2019\u00e9quilibre \u00e9motionnel et de sagesse.<\/p>\n\n\n\n<p><\/p>\n\n\n\n<p>Ce cycle MBSR con\u00e7u par Jon Kabat Zinn (professeur \u00e9m\u00e9rite de m\u00e9decine), a \u00e9t\u00e9 valid\u00e9 scientifiquement. Les recherches sur la pleine conscience ont montr\u00e9 son impact sur l\u2019am\u00e9lioration de la qualit\u00e9 de vie. Les b\u00e9n\u00e9fices sont multiples&nbsp;: augmentation de la vitalit\u00e9, diminution des sympt\u00f4mes d\u2019anxi\u00e9t\u00e9, meilleure gestion du stress, bien-\u00eatre \u00e9motionnel jouant positivement sur les relations sociales, hausse de l\u2019immunit\u00e9 et une am\u00e9lioration possible de la gestion de la douleur.&nbsp;<\/p>\n\n\n\n<p>Le programme m\u00ealera pratiques m\u00e9ditatives, \u00e9tirements corporels, brefs apports th\u00e9oriques, auto-observation, ainsi qu\u2019\u00e9changes en groupe et en duo.<\/p>\n<\/div>\n<\/div>\n\n\n\n<h3 class=\"wp-block-heading\"><strong><strong>Investissez dans votre bien-\u00eatre. Investissez en vous&nbsp;!<\/strong>&nbsp;<\/strong><\/h3>\n\n\n\n<ul class=\"wp-block-list\">\n<li>vous voulez vous lib\u00e9rer des fonctionnements qui entravent votre&nbsp;existence ?<\/li>\n\n\n\n<li>mieux g\u00e9rer vos \u00e9motions&nbsp;?<\/li>\n\n\n\n<li>en finir avec les ruminations&nbsp;?<\/li>\n\n\n\n<li>\u00eatre dans le non-jugement&nbsp;?<\/li>\n\n\n\n<li>retrouver la libert\u00e9 de choisir&nbsp;?<\/li>\n\n\n\n<li>mieux communiquer&nbsp;?<\/li>\n\n\n\n<li>ame\u0301liorer la qualite\u0301 de votre sommeil&nbsp;?<\/li>\n\n\n\n<li>mieux ge\u0301rer la douleur&nbsp;?<\/li>\n\n\n\n<li>d\u00e9velopper une relation bienveillante \u00e0 vous-m\u00eame&nbsp;?<\/li>\n<\/ul>\n\n\n\n<p>Gr\u00e2ce \u00e0 des techniques \u00e9prouv\u00e9es, vous apprendrez \u00e0 mieux g\u00e9rer les d\u00e9fis de la vie quotidienne et \u00e0 retrouver votre \u00e9nergie, votre vitalit\u00e9 et votre \u00e9quilibre&nbsp;!<\/p>\n\n\n\n<p><\/p>\n<\/div><\/div>\n<\/div><\/div><\/div>\n\n\n\n<div class=\"wp-block-group is-vertical is-layout-flex wp-container-core-group-is-layout-3 wp-block-group-is-layout-flex\">\n<h5 class=\"wp-block-heading\"><strong>Organisation<\/strong><\/h5>\n\n\n\n<p class=\"block\">Le cycle comporte 8 s\u00e9ances de 2h30, r\u00e9parties sur 8 semaines cons\u00e9cutives. Le module est pr\u00e9c\u00e9d\u00e9 d\u2019une s\u00e9ance d\u2019informations qui pr\u00e9sente le programme. Groupe de minimum 8 personnes.<\/p>\n<\/div>\n\n\n\n<div class=\"wp-block-group is-vertical is-layout-flex wp-container-core-group-is-layout-4 wp-block-group-is-layout-flex\">\n<h5 class=\"wp-block-heading\"><strong>Pr\u00e9-requis<\/strong><\/h5>\n\n\n\n<p class=\"block\">Ce cycle est ouvert \u00e0 tous. N\u00e9anmoins, ce programme ne convient pas aux personnes actuellement en d\u00e9tresse psychologique aigu\u00eb (troubles bipolaires non stabilis\u00e9s, d\u00e9pression aigu\u00eb, troubles psychotiques). Une prise en charge individuelle peut s\u2019av\u00e9rer bien plus adapt\u00e9e \u00e0 ce type de situations. N\u2019h\u00e9sitez pas \u00e0 me contacter pour en discuter.<\/p>\n<\/div>\n\n\n\n<div class=\"wp-block-group is-vertical is-layout-flex wp-container-core-group-is-layout-5 wp-block-group-is-layout-flex\">\n<h5 class=\"wp-block-heading\"><strong>T\u00e9moignage<\/strong><\/h5>\n\n\n\n<p class=\"block\">Le cycle m&#8217;a boulevers\u00e9e. Structur\u00e9, po\u00e9tique, doux, confrontant, inspirant, il ouvre des portes sur une nouvelle relation \u00e0 soi, aux autres et au monde. Il amorce une transformation profonde. Val\u00e9rie partage avec chaleur, douceur, humilit\u00e9 et joie, c&#8217;est une vraie chance de suivre ce cycle avec elle&#8230; Merci \u00e0 toi Val\u00e9rie, tr\u00e8s sinc\u00e8rement. St\u00e9phanie<\/p>\n<\/div>\n\n\n\n<div class=\"wp-block-group is-vertical is-layout-flex wp-container-core-group-is-layout-6 wp-block-group-is-layout-flex\">\n<h5 class=\"wp-block-heading\"><strong>Dates, lieux &amp; prix<\/strong><\/h5>\n\n\n\n<p><strong><a href=\"http:\/\/www.cliniquedustress-domaine.com\" data-type=\"link\" data-id=\"www.cliniquedustress-domaine.com\" target=\"_blank\" rel=\"noreferrer noopener\">Le Domaine ULB<\/a> <br>Gestion du Stress et du Burn-Out par la Pleine Conscience<br><\/strong>Braine-l\u2019Alleud &#8211; Cycle du LUNDI matin de 10:00 \u00e0 12:30\u00a0<br>Les 21-28 octobre 2024, 04-11-18 novembre 2024, 09-16-23 d\u00e9cembre 2024<br>Tarif du cycle : 295,00 \u20ac\u00a0<\/p>\n\n\n\n<p><strong><a href=\"https:\/\/www.emergences.org\/agenda-activites\/programmes-d-initiation\" data-type=\"link\" data-id=\"https:\/\/www.emergences.org\/agenda-activites\/programmes-d-initiation\" target=\"_blank\" rel=\"noreferrer noopener\">Emergences<\/a> <br>Apprivoiser le stress et les \u00e9motions par la Pleine Conscience<\/strong><br>Uccle &#8211; Cycle du LUNDI SOIR de 19:10 \u00e0 21:30<br>Etterbeek &#8211; Cycle du MERCREDI MATIN de 09:15 \u00e0 11:45<br>Tarif du cycle : 310,00 \u20ac\u00a0<\/p>\n<\/div>\n\n\n\n<div class=\"wp-block-group is-vertical is-layout-flex wp-container-core-group-is-layout-7 wp-block-group-is-layout-flex\">\n<h5 class=\"wp-block-heading\"><strong><strong>S\u00e9ance d\u2019information<\/strong><\/strong><\/h5>\n\n\n\n<p><strong><a href=\"http:\/\/www.cliniquedustress-domaine.com\" data-type=\"link\" data-id=\"www.cliniquedustress-domaine.com\" target=\"_blank\" rel=\"noreferrer noopener\">Le Domaine ULB<\/a> <br><\/strong>S\u00e9ance d\u2019information <strong>en ligne&nbsp;<\/strong><br>Inscription&nbsp;aupr\u00e8s de Val\u00e9rie van Nitsen&nbsp;(0476 59 26 48) :&nbsp;<a href=\"mailto:valerievn@live.be\">valerievn@live.be<\/a><\/p>\n\n\n\n<p><a href=\"https:\/\/www.emergences.org\/agenda-activites\/programmes-d-initiation\" data-type=\"link\" data-id=\"https:\/\/www.emergences.org\/agenda-activites\/programmes-d-initiation\" target=\"_blank\" rel=\"noreferrer noopener\"><strong><strong><\/strong><\/strong><\/a><strong><strong><a href=\"https:\/\/www.emergences.org\/agenda-activites\/programmes-d-initiation\" data-type=\"link\" data-id=\"https:\/\/www.emergences.org\/agenda-activites\/programmes-d-initiation\" target=\"_blank\" rel=\"noreferrer noopener\">Emergences<\/a><\/strong><\/strong> <br>S\u00e9ance d\u2019information <strong><strong>en ligne<\/strong> <\/strong><br>Infos et inscription&nbsp;<a href=\"https:\/\/www.emergences.org\/agenda-activites\/seances-d-information\" data-type=\"link\" data-id=\"https:\/\/www.emergences.org\/agenda-activites\/seances-d-information\" target=\"_blank\" rel=\"noreferrer noopener\">ici<\/a><\/p>\n<\/div>\n\n\n\n<div class=\"wp-block-group is-vertical is-layout-flex wp-container-core-group-is-layout-8 wp-block-group-is-layout-flex\">\n<h5 class=\"wp-block-heading\"><strong><strong><strong><strong>Inscription<\/strong> au cycle MBSR<\/strong><\/strong><\/strong><\/h5>\n\n\n\n<p><strong><a href=\"http:\/\/www.cliniquedustress-domaine.com\" data-type=\"link\" data-id=\"www.cliniquedustress-domaine.com\" target=\"_blank\" rel=\"noreferrer noopener\">Le Domaine ULB<\/a> <br>Cycle Gestion du Stress et du Burn-Out<\/strong> les lundis<strong> <\/strong>matin de 10:00 \u00e0 12:30 \u00e0 Braine-l\u2019Alleud<br>Inscription\u00a0aupr\u00e8s de Val\u00e9rie van Nitsen\u00a0(0476 59 26 48) :\u00a0<a href=\"mailto:valerievn@live.be\">valerievn@live.be<\/a><\/p>\n\n\n\n<p><strong><a href=\"http:\/\/www.emergences.org\" data-type=\"link\" data-id=\"www.emergences.org\" target=\"_blank\" rel=\"noreferrer noopener\"><\/a><a href=\"https:\/\/www.emergences.org\/agenda-activites\/programmes-d-initiation\" data-type=\"link\" data-id=\"https:\/\/www.emergences.org\/agenda-activites\/programmes-d-initiation\" target=\"_blank\" rel=\"noreferrer noopener\"><\/a><strong><strong><a href=\"https:\/\/www.emergences.org\/agenda-activites\/programmes-d-initiation\" data-type=\"link\" data-id=\"https:\/\/www.emergences.org\/agenda-activites\/programmes-d-initiation\" target=\"_blank\" rel=\"noreferrer noopener\">Emergences<\/a><\/strong><\/strong> <br><\/strong>les lundis soir \u00e0 Uccle.<strong> <\/strong><br>les mercredis matin \u00e0 Etterbeek.&nbsp;<br>Infos et inscription&nbsp;<a href=\"https:\/\/www.emergences.org\/events\/mindfulness-ozan-septembre-amercredi-octobre\">ici.<\/a>&nbsp;<\/p>\n<\/div>\n\n\n\n<div class=\"wp-block-group is-vertical is-layout-flex wp-container-core-group-is-layout-9 wp-block-group-is-layout-flex\">\n<h5 class=\"wp-block-heading\"><strong><strong><strong><strong><strong>Conditions d\u2019annulation<\/strong><\/strong><\/strong><\/strong><\/strong><\/h5>\n\n\n\n<p>En cas d\u2019annulation de votre part, un remboursement partiel est possible jusqu\u2019\u00e0 30 jours calendrier avant le d\u00e9but de l\u2019activit\u00e9. Au-del\u00e0 de cette date, aucun remboursement ne sera possible.&nbsp;Dans tous les cas, 10% de la somme est toujours conserv\u00e9e.<\/p>\n<\/div>\n","protected":false},"excerpt":{"rendered":"<p>Organisation Le cycle comporte 8 s\u00e9ances de 2h30, r\u00e9parties sur 8 semaines cons\u00e9cutives. Le module est pr\u00e9c\u00e9d\u00e9 d\u2019une s\u00e9ance d\u2019informations qui pr\u00e9sente le programme. Groupe de minimum 8 personnes. Pr\u00e9-requis Ce cycle est ouvert \u00e0 tous. N\u00e9anmoins, ce programme ne convient pas aux personnes actuellement en d\u00e9tresse psychologique aigu\u00eb (troubles bipolaires non stabilis\u00e9s, d\u00e9pression aigu\u00eb, [&hellip;]<\/p>\n","protected":false},"author":1,"featured_media":0,"parent":1481,"menu_order":0,"comment_status":"closed","ping_status":"closed","template":"","meta":{"footnotes":""},"class_list":["post-1460","page","type-page","status-publish","hentry"],"_links":{"self":[{"href":"https:\/\/enconscience.com\/index.php\/wp-json\/wp\/v2\/pages\/1460"}],"collection":[{"href":"https:\/\/enconscience.com\/index.php\/wp-json\/wp\/v2\/pages"}],"about":[{"href":"https:\/\/enconscience.com\/index.php\/wp-json\/wp\/v2\/types\/page"}],"author":[{"embeddable":true,"href":"https:\/\/enconscience.com\/index.php\/wp-json\/wp\/v2\/users\/1"}],"replies":[{"embeddable":true,"href":"https:\/\/enconscience.com\/index.php\/wp-json\/wp\/v2\/comments?post=1460"}],"version-history":[{"count":98,"href":"https:\/\/enconscience.com\/index.php\/wp-json\/wp\/v2\/pages\/1460\/revisions"}],"predecessor-version":[{"id":4114,"href":"https:\/\/enconscience.com\/index.php\/wp-json\/wp\/v2\/pages\/1460\/revisions\/4114"}],"up":[{"embeddable":true,"href":"https:\/\/enconscience.com\/index.php\/wp-json\/wp\/v2\/pages\/1481"}],"wp:attachment":[{"href":"https:\/\/enconscience.com\/index.php\/wp-json\/wp\/v2\/media?parent=1460"}],"curies":[{"name":"wp","href":"https:\/\/api.w.org\/{rel}","templated":true}]}}