{"id":1420,"date":"2023-06-01T00:48:05","date_gmt":"2023-05-31T22:48:05","guid":{"rendered":"http:\/\/cxuhngu.cluster027.hosting.ovh.net\/?page_id=1420"},"modified":"2024-05-21T15:36:21","modified_gmt":"2024-05-21T13:36:21","slug":"commmunication-en-conscience","status":"publish","type":"page","link":"https:\/\/enconscience.com\/index.php\/methodologie\/commmunication-en-conscience\/","title":{"rendered":"La communication en conscience"},"content":{"rendered":"\n<div class=\"blockart-section blockart-section-00dd1381 japonContainer Large\"><div class=\"blockart-container\"><div class=\"blockart-section-inner\">\n<div class=\"blockart-column blockart-column-c6027213\"><div class=\"blockart-column-inner\">\n<div class=\"wp-block-group second japon1 is-content-justification-left is-layout-constrained wp-container-core-group-is-layout-2 wp-block-group-is-layout-constrained\">\n<p class=\"what\"><strong>Qu\u2019est-ce que\u2026<\/strong><\/p>\n\n\n\n<h1 class=\"wp-block-heading\"><strong><strong>La communication en conscience<\/strong><\/strong><\/h1>\n\n\n\n<blockquote class=\"wp-block-quote is-layout-flow wp-block-quote-is-layout-flow\">\n<p><em>Demeurer immobile, \u00e0 \u00e9couter&#8230; C&#8217;est la tranquillit\u00e9 de l&#8217;axe au centre de la roue&#8230; <\/em>Charles Morgan&nbsp;<\/p>\n<\/blockquote>\n\n\n\n<div class=\"wp-block-group is-layout-constrained wp-block-group-is-layout-constrained\">\n<p>La communication en pleine conscience est une pratique qui consiste \u00e0 \u00eatre pr\u00e9sent et attentif \u00e0 soi et \u00e0 l\u2019autre lors d&#8217;une conversation. Pour pouvoir se sentir bien au sein de la relation, il s\u2019agit d&#8217;abord de se sentir proches et connect\u00e9 \u00e0 soi-m\u00eame. Cela implique de pouvoir mettre des mots sur son ressenti. D\u00e8s lors, nous pouvons mieux g\u00e9rer nos r\u00e9actions et nous exprimer de fa\u00e7on plus appropri\u00e9e. La communication en conscience nous ouvre \u00e0 une meilleure \u00e9coute et nous permet de nous concentrer pleinement sur la perspective de l\u2019autre. En nous accordant \u00e0 nos besoins mais aussi en \u00e9coutant le point de vue de l\u2019autre, nous cr\u00e9ons une meilleure compr\u00e9hension mutuelle. Nous pouvons ainsi nous offrir des outils extraordinaires pour oser nous affirmer dans notre diff\u00e9rence, mieux g\u00e9rer les conflits et am\u00e9liorer la qualit\u00e9 de nos interactions avec les autres.<\/p>\n<\/div>\n<\/div>\n\n\n\n<h3 class=\"wp-block-heading\"><strong><strong>Programme propos\u00e9&nbsp;:<\/strong><\/strong><\/h3>\n\n\n\n<ul class=\"wp-block-list\">\n<li><strong><a href=\"https:\/\/enconscience.com\/index.php\/seances-collectives\/cycles-de-communication\/\" data-type=\"page\" data-id=\"1985\">Cycle d\u2019initiation<\/a> &#8211; <\/strong>La communication en conscience<strong><a class=\"\" href=\"http:\/\/cxuhngu.cluster027.hosting.ovh.net\/index.php\/seances-collectives\/cycles-de-pleine-conscience\/cycle-de-base-mbsr\/\" target=\"_blank\" rel=\"noreferrer noopener\"><\/a><\/strong><\/li>\n<\/ul>\n<\/div><\/div>\n<\/div><\/div><\/div>\n","protected":false},"excerpt":{"rendered":"","protected":false},"author":1,"featured_media":0,"parent":1311,"menu_order":0,"comment_status":"closed","ping_status":"closed","template":"","meta":{"footnotes":""},"class_list":["post-1420","page","type-page","status-publish","hentry"],"_links":{"self":[{"href":"https:\/\/enconscience.com\/index.php\/wp-json\/wp\/v2\/pages\/1420"}],"collection":[{"href":"https:\/\/enconscience.com\/index.php\/wp-json\/wp\/v2\/pages"}],"about":[{"href":"https:\/\/enconscience.com\/index.php\/wp-json\/wp\/v2\/types\/page"}],"author":[{"embeddable":true,"href":"https:\/\/enconscience.com\/index.php\/wp-json\/wp\/v2\/users\/1"}],"replies":[{"embeddable":true,"href":"https:\/\/enconscience.com\/index.php\/wp-json\/wp\/v2\/comments?post=1420"}],"version-history":[{"count":5,"href":"https:\/\/enconscience.com\/index.php\/wp-json\/wp\/v2\/pages\/1420\/revisions"}],"predecessor-version":[{"id":3594,"href":"https:\/\/enconscience.com\/index.php\/wp-json\/wp\/v2\/pages\/1420\/revisions\/3594"}],"up":[{"embeddable":true,"href":"https:\/\/enconscience.com\/index.php\/wp-json\/wp\/v2\/pages\/1311"}],"wp:attachment":[{"href":"https:\/\/enconscience.com\/index.php\/wp-json\/wp\/v2\/media?parent=1420"}],"curies":[{"name":"wp","href":"https:\/\/api.w.org\/{rel}","templated":true}]}}