{"id":1306,"date":"2023-05-31T16:21:28","date_gmt":"2023-05-31T14:21:28","guid":{"rendered":"http:\/\/cxuhngu.cluster027.hosting.ovh.net\/?page_id=1306"},"modified":"2024-12-16T15:45:06","modified_gmt":"2024-12-16T14:45:06","slug":"contact-et-plus","status":"publish","type":"page","link":"https:\/\/enconscience.com\/index.php\/contact-et-plus\/","title":{"rendered":"Contact &#8211; Val\u00e9rie van Nitsen"},"content":{"rendered":"\n<div class=\"blockart-section blockart-section-d07213d8 japonContainer showMobile\"><div class=\"blockart-container\"><div class=\"blockart-section-inner\">\n<div class=\"blockart-column blockart-column-270179e6\"><div class=\"blockart-column-inner\">\n<figure class=\"blockart-image blockart-image-86909414\"><img loading=\"lazy\" decoding=\"async\" class=\"wp-image-3756 hover-effect-static filter-none mask mask-none\" src=\"https:\/\/enconscience.com\/wp-content\/uploads\/2024\/03\/UNADJUSTEDNONRAW_mini_1.jpeg\" alt=\"\" height=\"336\" width=\"275\" srcset=\"https:\/\/enconscience.com\/wp-content\/uploads\/2024\/03\/UNADJUSTEDNONRAW_mini_1.jpeg 275w, https:\/\/enconscience.com\/wp-content\/uploads\/2024\/03\/UNADJUSTEDNONRAW_mini_1-246x300.jpeg 246w\" sizes=\"(max-width: 275px) 100vw, 275px\" \/><\/figure>\n\n\n\n<p class=\"mobile_separator\"><\/p>\n\n\n\n<p><b>Val\u00e9rie van Nitsen<\/b>\n<p class=\"CTA\">\n<a href=\"tel:+32476592648\"><svg data-bbox=\"20 20 160 159.999\" viewBox=\"0 0 200 200\" height=\"20\" width=\"20\" xmlns=\"http:\/\/www.w3.org\/2000\/svg\" data-type=\"shape\">\n    <g>\n        <path d=\"M174.754 137.015l-16.878-17.024c-7.055-7.116-18.563-7.186-25.705-.156l-.283.278-.803.794c-5.874 5.808-15.363 5.761-21.178-.105L78.719 89.344c-5.798-5.849-5.75-15.271.108-21.061l.001.001.283-.279c7.142-7.03 7.211-18.499.156-25.615L62.404 25.383c-7.061-7.122-18.581-7.185-25.72-.14l-.001-.001-11.238 11.11c-4.496 4.445-6.458 10.916-4.936 17.042 14.422 58.077 66.325 112.081 124.426 126.073 6.239 1.503 12.817-.21 17.377-4.711l12.003-11.848.284-.279c7.14-7.03 7.21-18.498.155-25.614z\"><\/path>\n    <\/g>\n<\/svg> 0476 59 26 48<\/a><\/p>\n<\/p>\n\n\n\n<p class=\"coordonnees\"><a href=\"mailto:valerievn@live.be\" target=\"_blank\" rel=\"noreferrer noopener\">valerievn@live.be<\/a><\/p>\n<\/div><\/div>\n\n\n\n<div class=\"blockart-column blockart-column-81d111fb\"><div class=\"blockart-column-inner\">\n<div class=\"wp-block-group second japon1 is-content-justification-left is-layout-constrained wp-container-core-group-is-layout-2 wp-block-group-is-layout-constrained\">\n<h1 class=\"wp-block-heading\"><strong><strong>Votre th\u00e9rapeute<\/strong><\/strong><\/h1>\n\n\n\n<div class=\"wp-block-group is-layout-constrained wp-block-group-is-layout-constrained\">\n<p><\/p>\n\n\n\n<p>\u00c0 travers une d\u00e9marche <strong><a href=\"https:\/\/enconscience.com\/index.php\/seances-individuelles\/therapie-individuelle-somatique\/\">individuelle<\/a><\/strong> ou <strong><a href=\"https:\/\/enconscience.com\/index.php\/seances-collectives\/\">collective<\/a><\/strong>, Val\u00e9rie<strong> <\/strong>vous aide \u00e0 renforcer votre s\u00e9curit\u00e9 int\u00e9rieure, raviver votre \u00e9nergie vitale et d\u00e9ployer votre plein potentiel.<\/p>\n\n\n\n<p><\/p>\n\n\n\n<blockquote class=\"wp-block-quote is-layout-flow wp-block-quote-is-layout-flow\">\n<p><em>\u00ab&nbsp;Les outils et m\u00e9thodes que j\u2019utilise aujourd\u2019hui pr\u00f4nent une approche globale du corps et de l&#8217;esprit, dans l&#8217;intention d&#8217;\u00eatre toujours plus soi \u00bb<\/em>.<\/p>\n<\/blockquote>\n\n\n\n<p><strong>Dans l\u2019espace collectif<\/strong>, elle enseigne l\u2019art de la pleine conscience, de l\u2019autocompassion et de la r\u00e9gulation du syst\u00e8me nerveux. Ses interventions ont un \u00e9cho aussi bien aupr\u00e8s de particuliers que dans les sph\u00e8res professionnelles, o\u00f9 elle anime conf\u00e9rences et formations. Son parcours l\u2019a conduite \u00e0 collaborer avec des institutions prestigieuses telles que l\u2019ULB-certificat d\u2019universit\u00e9 de l\u2019ACT, l\u2019h\u00f4pital CHIREC ou la Pr\u00e9fecture de Police de Paris.<\/p>\n\n\n\n<p><strong>Dans l\u2019intimit\u00e9 d\u2019une th\u00e9rapie individuelle<\/strong>, Val\u00e9rie propose une th\u00e9rapie individuelle bas\u00e9e principalement sur la Somatic Experiencing, et le NARM (Mod\u00e8le Neuro-Affectif Relationnel) visant \u00e0 lib\u00e9rer les blocages et r\u00e9\u00e9quilibrer le syst\u00e8me nerveux. Son approche aide \u00e0 mieux g\u00e9rer le stress, les \u00e9motions, les sympt\u00f4mes somatiques chroniques (douleurs, troubles digestifs, etc.),<strong> <\/strong>les blocages relationnels, une faible estime de soi et autres d\u00e9fis du quotidien, tout en favorisant une transformation int\u00e9rieure profonde. Avec plus de 11 ans d&#8217;exp\u00e9rience en canc\u00e9rologie, elle collabore d\u00e9sormais avec Blue Health et re\u00e7oit \u00e9galement en consultation priv\u00e9e \u00e0 Bruxelles (quartier Sablon).<\/p>\n\n\n\n<p>Ensemble, ces diff\u00e9rentes approches aident \u00e0 gu\u00e9rir \u00e0 la fois le corps, les \u00e9motions et les relations, en int\u00e9grant des dimensions somatiques et psychologiques pour restaurer r\u00e9silience et authenticit\u00e9.<\/p>\n\n\n\n<p><strong>Val\u00e9rie van Nitsen s\u2019inscrit dans un processus de formation continue<\/strong>\u00a0: dipl\u00f4m\u00e9e en Somatic experiencing au CEFORT\u2013 Centre d\u2019\u00c9tude et de Formation \u00e0 la R\u00e9solution du Trauma, dipl\u00f4m\u00e9e de l&#8217;Institut Fran\u00e7ais de Formation Psychocorporelle \u00e0 Paris et de l&#8217;Institut de Nouvelle Hypnose de Bruxelles, titulaire d&#8217;un certificat d\u2019Universit\u00e9 \u00e0 la Pleine Conscience (2016, Universit\u00e9 Libre de Bruxelles) ; enseignante\u00a0certifi\u00e9e des programmes MBSR\u00a0(R\u00e9duction du stress bas\u00e9 sur la Pleine Conscience) et MSC (programme d\u2019autocompassion en pleine conscience) et bient\u00f4t form\u00e9e \u00e0 l\u2019approche th\u00e9rapeutique NARM des\u00a0traumatismes du d\u00e9veloppement, de l&#8217;attachement et de la relation (Mod\u00e8le Relationnel Neuro Affectif).<\/p>\n\n\n\n<p><\/p>\n<\/div>\n\n\n\n<p><\/p>\n<\/div>\n<\/div><\/div>\n<\/div><\/div><\/div>\n","protected":false},"excerpt":{"rendered":"","protected":false},"author":1,"featured_media":0,"parent":0,"menu_order":0,"comment_status":"closed","ping_status":"closed","template":"","meta":{"footnotes":""},"class_list":["post-1306","page","type-page","status-publish","hentry"],"_links":{"self":[{"href":"https:\/\/enconscience.com\/index.php\/wp-json\/wp\/v2\/pages\/1306"}],"collection":[{"href":"https:\/\/enconscience.com\/index.php\/wp-json\/wp\/v2\/pages"}],"about":[{"href":"https:\/\/enconscience.com\/index.php\/wp-json\/wp\/v2\/types\/page"}],"author":[{"embeddable":true,"href":"https:\/\/enconscience.com\/index.php\/wp-json\/wp\/v2\/users\/1"}],"replies":[{"embeddable":true,"href":"https:\/\/enconscience.com\/index.php\/wp-json\/wp\/v2\/comments?post=1306"}],"version-history":[{"count":41,"href":"https:\/\/enconscience.com\/index.php\/wp-json\/wp\/v2\/pages\/1306\/revisions"}],"predecessor-version":[{"id":4151,"href":"https:\/\/enconscience.com\/index.php\/wp-json\/wp\/v2\/pages\/1306\/revisions\/4151"}],"wp:attachment":[{"href":"https:\/\/enconscience.com\/index.php\/wp-json\/wp\/v2\/media?parent=1306"}],"curies":[{"name":"wp","href":"https:\/\/api.w.org\/{rel}","templated":true}]}}